{"id":310,"date":"2021-04-29T11:28:14","date_gmt":"2021-04-29T11:28:14","guid":{"rendered":"https:\/\/info.belenushotel.hu\/?page_id=310"},"modified":"2021-04-29T11:28:14","modified_gmt":"2021-04-29T11:28:14","slug":"walking-tours-tour-routes","status":"publish","type":"page","link":"https:\/\/info.belenushotel.hu\/en\/events\/walking-tours-tour-routes\/","title":{"rendered":"Walking tours, tour routes"},"content":{"rendered":"<p>Parkerd\u00f5 offers nice excursions. Tourist routes pass by \u201cKil\u00e1t\u00f3\u201d (Observation Tower) that offers a magnificent panoramic view of Balaton Uplands; with clear sight, one can see as far as Badacsony even.<\/p>\n<ol>\n<li>Walk in the forest park of Zalakaros: 4150 metres passing by the observation tower, the sleigh track and the so-called \u201cSz\u00e1zl\u00e9pcs\u00f5\u201d (Hundred Steps)<\/li>\n<li>\u201cB\u00f6gre hill\u201d round: 5500 metres walk around the city passing by the hillside wine yards, vaults and the belfry<\/li>\n<li>\u201cKil\u00e1t\u00f3 round\u201d: 5150 metres walk around the city passing by shops, restaurants, the observation tower and wine-vaults panoramic view of the surrounding landscape<\/li>\n<li>\u201cFels\u00f5 hill\u201d round: 5850 metres walk around city passing by ice cream shops, restaurants and the observation tower<\/li>\n<li>Bath Zalakaros \u2013 Forest park Zalakaros \u2013 vineyards \u2013 fishpond Galambok \u2013 Galambok<\/li>\n<li>National Blue Trail: towards Galambok and Zala\u00fajlak<\/li>\n<li>Regional Green Trail: towards Zalamerenye<\/li>\n<\/ol>\n","protected":false},"excerpt":{"rendered":"<p>Parkerd\u00f5 offers nice excursions. Tourist routes pass by \u201cKil\u00e1t\u00f3\u201d (Observation Tower) that offers a magnificent panoramic view of Balaton Uplands; with clear sight, one can see as far as Badacsony even. Walk in the forest park of Zalakaros: 4150 metres passing by the observation tower, the sleigh track and the so-called \u201cSz\u00e1zl\u00e9pcs\u00f5\u201d (Hundred Steps) \u201cB\u00f6gre <a href=\"https:\/\/info.belenushotel.hu\/en\/events\/walking-tours-tour-routes\/\" class=\"more-link\">&#8230;<\/a><\/p>\n","protected":false},"author":1,"featured_media":311,"parent":185,"menu_order":0,"comment_status":"closed","ping_status":"closed","template":"","meta":{"footnotes":""},"class_list":["post-310","page","type-page","status-publish","has-post-thumbnail","hentry"],"_links":{"self":[{"href":"https:\/\/info.belenushotel.hu\/en\/wp-json\/wp\/v2\/pages\/310","targetHints":{"allow":["GET"]}}],"collection":[{"href":"https:\/\/info.belenushotel.hu\/en\/wp-json\/wp\/v2\/pages"}],"about":[{"href":"https:\/\/info.belenushotel.hu\/en\/wp-json\/wp\/v2\/types\/page"}],"author":[{"embeddable":true,"href":"https:\/\/info.belenushotel.hu\/en\/wp-json\/wp\/v2\/users\/1"}],"replies":[{"embeddable":true,"href":"https:\/\/info.belenushotel.hu\/en\/wp-json\/wp\/v2\/comments?post=310"}],"version-history":[{"count":1,"href":"https:\/\/info.belenushotel.hu\/en\/wp-json\/wp\/v2\/pages\/310\/revisions"}],"predecessor-version":[{"id":312,"href":"https:\/\/info.belenushotel.hu\/en\/wp-json\/wp\/v2\/pages\/310\/revisions\/312"}],"up":[{"embeddable":true,"href":"https:\/\/info.belenushotel.hu\/en\/wp-json\/wp\/v2\/pages\/185"}],"wp:featuredmedia":[{"embeddable":true,"href":"https:\/\/info.belenushotel.hu\/en\/wp-json\/wp\/v2\/media\/311"}],"wp:attachment":[{"href":"https:\/\/info.belenushotel.hu\/en\/wp-json\/wp\/v2\/media?parent=310"}],"curies":[{"name":"wp","href":"https:\/\/api.w.org\/{rel}","templated":true}]}}