{"id":273,"date":"2021-04-29T11:17:40","date_gmt":"2021-04-29T11:17:40","guid":{"rendered":"https:\/\/info.belenushotel.hu\/?page_id=273"},"modified":"2021-04-29T11:17:40","modified_gmt":"2021-04-29T11:17:40","slug":"istvan-fekete-memorial-room-and-the-hut-of-oncle-matula","status":"publish","type":"page","link":"https:\/\/info.belenushotel.hu\/en\/events\/istvan-fekete-memorial-room-and-the-hut-of-oncle-matula\/","title":{"rendered":"Istv\u00e1n Fekete memorial room and the hut of Oncle Matula"},"content":{"rendered":"<p>The V\u00f6n\u00f6czky Schenk Jakab Research Centre is located near Fen\u00e9kpuszta, where guided tours start with professional guides. Short tours to Di\u00e1s Isle, Istv\u00e1n Fekete Memorial Site and Matual Hut start also from here.<\/p>\n","protected":false},"excerpt":{"rendered":"<p>The V\u00f6n\u00f6czky Schenk Jakab Research Centre is located near Fen\u00e9kpuszta, where guided tours start with professional guides. Short tours to Di\u00e1s Isle, Istv\u00e1n Fekete Memorial Site and Matual Hut start also from here.<\/p>\n","protected":false},"author":1,"featured_media":274,"parent":185,"menu_order":0,"comment_status":"closed","ping_status":"closed","template":"","meta":{"footnotes":""},"class_list":["post-273","page","type-page","status-publish","has-post-thumbnail","hentry"],"_links":{"self":[{"href":"https:\/\/info.belenushotel.hu\/en\/wp-json\/wp\/v2\/pages\/273","targetHints":{"allow":["GET"]}}],"collection":[{"href":"https:\/\/info.belenushotel.hu\/en\/wp-json\/wp\/v2\/pages"}],"about":[{"href":"https:\/\/info.belenushotel.hu\/en\/wp-json\/wp\/v2\/types\/page"}],"author":[{"embeddable":true,"href":"https:\/\/info.belenushotel.hu\/en\/wp-json\/wp\/v2\/users\/1"}],"replies":[{"embeddable":true,"href":"https:\/\/info.belenushotel.hu\/en\/wp-json\/wp\/v2\/comments?post=273"}],"version-history":[{"count":1,"href":"https:\/\/info.belenushotel.hu\/en\/wp-json\/wp\/v2\/pages\/273\/revisions"}],"predecessor-version":[{"id":275,"href":"https:\/\/info.belenushotel.hu\/en\/wp-json\/wp\/v2\/pages\/273\/revisions\/275"}],"up":[{"embeddable":true,"href":"https:\/\/info.belenushotel.hu\/en\/wp-json\/wp\/v2\/pages\/185"}],"wp:featuredmedia":[{"embeddable":true,"href":"https:\/\/info.belenushotel.hu\/en\/wp-json\/wp\/v2\/media\/274"}],"wp:attachment":[{"href":"https:\/\/info.belenushotel.hu\/en\/wp-json\/wp\/v2\/media?parent=273"}],"curies":[{"name":"wp","href":"https:\/\/api.w.org\/{rel}","templated":true}]}}