{"id":267,"date":"2021-04-29T11:16:12","date_gmt":"2021-04-29T11:16:12","guid":{"rendered":"https:\/\/info.belenushotel.hu\/?page_id=267"},"modified":"2021-04-29T11:16:12","modified_gmt":"2021-04-29T11:16:12","slug":"kanyavari-island","status":"publish","type":"page","link":"https:\/\/info.belenushotel.hu\/en\/events\/kanyavari-island\/","title":{"rendered":"K\u00e1nyav\u00e1ri-island"},"content":{"rendered":"<p>The entrance to the K\u00e1nyav\u00e1ri-Island, a favoured visitors\u2019 centre of the Kis-Balaton region, can be found at the outskirts of the municipality of Balatonmagyar\u00f3d opposite to the Fenyvespuszta petting zoo. There is a parking for lot for cars and bicycles at the end of the poplar-paved road leading to the island. Here you can frequently meet women selling home-made jams and salads.<\/p>\n<p>There is a nice curved, wooden bridge just a few steps from the parking lot, over which you can reach the island. The visitors\u2019 centre can be visited at no charge. Resting points provide benches and there are means for frying bacon and cooking. Fishermen can occupy marked fishing places on the island after purchasing a daily ticket in the parking lot. After having climbed the look-out tower, visitors can enjoy the varied bird species of the Kis-Balaton region. Take your time to walk along the 2 km long \u2018Crested Grebe\u2019 study path offering structured information about the fauna of the Kis-Balaton region.<\/p>\n","protected":false},"excerpt":{"rendered":"<p>The entrance to the K\u00e1nyav\u00e1ri-Island, a favoured visitors\u2019 centre of the Kis-Balaton region, can be found at the outskirts of the municipality of Balatonmagyar\u00f3d opposite to the Fenyvespuszta petting zoo. There is a parking for lot for cars and bicycles at the end of the poplar-paved road leading to the island. Here you can frequently <a href=\"https:\/\/info.belenushotel.hu\/en\/events\/kanyavari-island\/\" class=\"more-link\">&#8230;<\/a><\/p>\n","protected":false},"author":1,"featured_media":268,"parent":185,"menu_order":0,"comment_status":"closed","ping_status":"closed","template":"","meta":{"footnotes":""},"class_list":["post-267","page","type-page","status-publish","has-post-thumbnail","hentry"],"_links":{"self":[{"href":"https:\/\/info.belenushotel.hu\/en\/wp-json\/wp\/v2\/pages\/267","targetHints":{"allow":["GET"]}}],"collection":[{"href":"https:\/\/info.belenushotel.hu\/en\/wp-json\/wp\/v2\/pages"}],"about":[{"href":"https:\/\/info.belenushotel.hu\/en\/wp-json\/wp\/v2\/types\/page"}],"author":[{"embeddable":true,"href":"https:\/\/info.belenushotel.hu\/en\/wp-json\/wp\/v2\/users\/1"}],"replies":[{"embeddable":true,"href":"https:\/\/info.belenushotel.hu\/en\/wp-json\/wp\/v2\/comments?post=267"}],"version-history":[{"count":1,"href":"https:\/\/info.belenushotel.hu\/en\/wp-json\/wp\/v2\/pages\/267\/revisions"}],"predecessor-version":[{"id":269,"href":"https:\/\/info.belenushotel.hu\/en\/wp-json\/wp\/v2\/pages\/267\/revisions\/269"}],"up":[{"embeddable":true,"href":"https:\/\/info.belenushotel.hu\/en\/wp-json\/wp\/v2\/pages\/185"}],"wp:featuredmedia":[{"embeddable":true,"href":"https:\/\/info.belenushotel.hu\/en\/wp-json\/wp\/v2\/media\/268"}],"wp:attachment":[{"href":"https:\/\/info.belenushotel.hu\/en\/wp-json\/wp\/v2\/media?parent=267"}],"curies":[{"name":"wp","href":"https:\/\/api.w.org\/{rel}","templated":true}]}}