{"id":409,"date":"2021-09-13T15:58:02","date_gmt":"2021-09-13T15:58:02","guid":{"rendered":"https:\/\/info.belenushotel.hu\/?page_id=409"},"modified":"2024-12-20T15:47:02","modified_gmt":"2024-12-20T15:47:02","slug":"verwoehnung","status":"publish","type":"page","link":"https:\/\/info.belenushotel.hu\/de\/verwoehnung\/","title":{"rendered":"Verw\u00f6hnung"},"content":{"rendered":"<h2>Massageangebot<\/h2>\n<p>Wir verwenden nat\u00fcrliche, paraffinfreie Aroma\u00f6le auf pflanzlicher Basis mit einem angenehmen Duft. In unserem Massageangebot findet jeder Gast die seiner Bed\u00fcrfnissen entsprechenden Behandlung.<\/p>\n<p>\u00dcberraschen Sie sich selbst oder Ihre Familie mit einer angenehmen Erholung!<\/p>\n<p>&nbsp;<\/p>\n<p>&nbsp;<\/p>\n<table class=\"table table-hover\">\n<tbody class=\"massage\">\n<tr>\n<td><strong>K\u00f6rpermassage mit Aroma\u00f6len<\/strong> (25 min):<\/td>\n<td style=\"text-align: right;\">9 000 HUF \/Behandlung<\/td>\n<\/tr>\n<tr>\n<td colspan=\"2\">Bei dieser Massage wird die untere Extremit\u00e4t von hinten behandelt. Sie wirkt beruhigend und entspannend, dabei werden tief streichelnde Griffe sowie mittelstarke Reibung und Knetung verwendet. Die Behandlung wird mit Mango-, Pfirsich-, Orange-, Zimt- oder Traubenkern\u00f6l durchgef\u00fchrt.<\/td>\n<\/tr>\n<tr>\n<td><strong>Fu\u00dfreflexzonenmassage<\/strong>\u00a0(40 min):<\/td>\n<td style=\"text-align: right;\">12 500 HUF \/Behandlung<\/td>\n<\/tr>\n<tr>\n<td colspan=\"2\">Erfrischende, schmerzlindernde, durch Reflexwirkung stimulierende Massage. Durch die Behandlung mit Orange-Zimt-Massagencreme wird die Haut an den F\u00fc\u00dfen geschmeidig und elastisch. Diese Behandlung empfehlen wir besonders an G\u00e4sten, die in Steharbeit besch\u00e4ftigt sind.<\/td>\n<\/tr>\n<tr>\n<td><strong>Relaxmassage<\/strong> (50 min):<\/td>\n<td style=\"text-align: right;\">14 000 HUF \/Behandlung<\/td>\n<\/tr>\n<tr>\n<td colspan=\"2\">W\u00e4hrend der Behandlung wird der ganze K\u00f6rper (untere und obere Extremit\u00e4t, R\u00fccken) massiert, um den K\u00f6rper ganz zu entspannen. Dabei werden tief streichelnde Griffe mit Knetung abwechselnd in entsprechender Kombination angewendet. Um die Entspannung zu steigern, verwenden wir bei der Behandlung Lavendel- oder Yogi-\u00d6l mit orientalischem Aroma.<\/td>\n<\/tr>\n<tr>\n<td><strong>Schokoladenmassage<\/strong> (50 min):<\/td>\n<td style=\"text-align: right;\">15 000 HUF \/Behandlung<\/td>\n<\/tr>\n<tr>\n<td colspan=\"2\">Die Schokolade ist nicht nur f\u00fcr ihre stimmungshebende und Stress senkende Wirkung bekannt, welche nach dem Schokoladengenuss der erh\u00f6hten Endorphinaussch\u00fcttung (Gl\u00fcckshormon) zu bedanken sind, die wohltuende Wirkung bei Herz-Kreislauf-Erkrankungen wurde auch nachgewiesen. Unl\u00e4gst haben Forschungen best\u00e4tigt, dass die Schokolade auch durch der Haut ihre wohltuende Wirkungen aus\u00fcbt, ohne das K\u00f6rpergewicht zu erh\u00f6hen.<br \/>\nW\u00e4hrend der Behandlung wird der ganze K\u00f6rper (untere und obere Extremit\u00e4t, R\u00fccken, Hals und das Dekollet\u00e9) mit einer Schokoladencreme enthaltend hoher Anteil an Kakobutter bzw. mit Schokoladen\u00f6l massiert. Dabei werden haupts\u00e4chlich weniger intensive Massagetechniken, wie tief streichelnde und sanft knetende Griffen angewendet, da bei dieser Behandlungsart ist das Einmassieren der Wirkstoffen unser Ziel. Die Wirkstoffen und die angewendeten Massagetechniken vermitteln entspannende, Stress senkende Wirkung, regenerieren, revitalisieren und energetisieren die Haut.<\/td>\n<\/tr>\n<tr>\n<td><strong>Entspannungsmassage<\/strong> (40 min):<\/td>\n<td style=\"text-align: right;\">12 500 HUF \/Behandlung<\/td>\n<\/tr>\n<tr>\n<td colspan=\"2\">Massage beinhaltet die tiefwirkende Behandlung des kompletten R\u00fcckenbereiches &#8211; besonders die Schulter- und Nachkenbreich &#8211; sowie die Entspannung vom Kopf. F\u00fcr diese Behandlung wird Zitronengras- oder Lavendel\u00f6l angewendet.<strong><br \/>\n<\/strong><\/td>\n<\/tr>\n<tr>\n<td><strong>Augenmassage<\/strong> (25 min):<\/td>\n<td style=\"text-align: right;\">9 000 HUF \/Behandlung<\/td>\n<\/tr>\n<tr>\n<td colspan=\"2\">Die Behandlung wird mit einer speziell f\u00fcr die Haut der Augenpartie entwickelten Creme durchgef\u00fchrt. Die Haut wirkt dadurch elastischer, samtiger, mindert kleine F\u00e4ltchen, reduziert Schwellungen und Augenschatten, wirkt entspannend.<\/td>\n<\/tr>\n<tr>\n<td><strong>Gesicht-, Hals- und Dekollet\u00e9- Massage<\/strong> (55 min):<\/td>\n<td style=\"text-align: right;\">12 000 HUF \/Behandlung<\/td>\n<\/tr>\n<tr>\n<td colspan=\"2\">Nach der Reinigung und Peeling der behandelten K\u00f6rperteilen folgt eine kosmetische Massage. Bei dieser Massage wird eine regenerierende Creme mit hohen Vitamingehalt angewendet, die Behandlung wird mit einer leichten, feuchtigkeitsspendenden Emulsion abgeschlossen.<br \/>\nSie wirkt entspannend, beruhigend, spendet reichhaltige Vitamine und Mineralstoffe der Haut, l\u00e4sst kleine F\u00e4ltchen verschwinden und blasse Haut wieder strahlen.<\/td>\n<\/tr>\n<tr>\n<td><strong>Migr\u00e4nemassage<\/strong> (25 min):<\/td>\n<td style=\"text-align: right;\">9 000 HUF \/Behandlung<\/td>\n<\/tr>\n<tr>\n<td colspan=\"2\">massage dissolves the blocks in the nervous system, thereby reducing tensioDurch die Migr\u00e4nemassage werden Blockaden im Nervensystem gel\u00f6st und so die Verspannungen insgesamt reduziert in der Organisation, der Sauerstoffmangel im Kopf- und Nackenbereich ausgeglichen wird. Die Migr\u00e4nemassage ist eine Akupressur auf Schultern, Nacken, Gesicht und Kopfhaut. Es besteht aus einer leichten Stimulation der Punkte und der Bewegung der Gelenke.<\/td>\n<\/tr>\n<tr>\n<td><strong>Honig-Milch Massage<\/strong> (50 min):<\/td>\n<td style=\"text-align: right;\">15 000 HUF \/Behandlung<\/td>\n<\/tr>\n<tr>\n<td colspan=\"2\">Die Anwendung von Honig und Milch in der Sch\u00f6nheitsbranche reicht in das Altertum zur\u00fcck. Zu dieser Zeit in \u00c4gypten hat auch Cleopatra diese zwei Materialien f\u00fcr ihr Bad anwenden lassen, um ihre legend\u00e4re Sch\u00f6nheit lange bewahren zu k\u00f6nnen. Honig wird auch in der Volksmedizin gerne verwendet wegen seines hohen Spurelementen- und Mineralstoffgehalt sowie Wasserbindungskapazit\u00e4t, welche die Hydration der Zellen normalisiert. Die Behandlung wird mit einer speziellen, unmittelbar vor der Anwendung hergestellten Milch-Honig-\u00d6l-Mischung durchgef\u00fchrt, um die wohltuende Wirkung von den beiden Wirkstoffen zu verbinden.<br \/>\nDiese Massage wird \u00e4hnlich wie die Schokoladenmassage f\u00fcr den ganzen K\u00f6rper angewendet. Sie regeneriert die Haut, \u00fcbt dabei eine antioxidative und n\u00e4hrende Wirkung aus, erfrischt, entspannt den K\u00f6rper, f\u00f6rdert die Entgiftung.<\/td>\n<\/tr>\n<tr>\n<td><strong>Lava-Muschel Massage<\/strong> (50 min):<\/td>\n<td style=\"text-align: right;\">18 000 HUF \/Behandlung<\/td>\n<\/tr>\n<tr>\n<td colspan=\"2\">Die Lava-Muschel ist ein au\u00dfergew\u00f6hnliches Massagewerkzeug, welches aus den Bruchst\u00fccken der von den Philippinen stammenden Tigermuscheln gefertigt, mit Porzelan \u00fcberzogen und h\u00e4ndisch bemalt wird. Seine Vielseitigkeit ist nicht nur seiner Form und seiner nat\u00fcrlichen Zusammensetzung sondern auch seiner einzigartigen W\u00e4rmeerzeugung zu verdanken.<br \/>\nDie Behandlung wird an den unteren Extremit\u00e4ten und am R\u00fccken durchgef\u00fchrt. Das Anwendungsgebiet wird mit entsprechenden Aroma\u00f6len durch tiefwirkende Streichbewegungen vorbereitet, die Massage wird dann mit warmen Lava-Muscheln fortgesetzt.<br \/>\nDie Behandlung lindert die stressbedingte M\u00fcdigkeit, Erm\u00fcdung, lindert die Muskelverspannung, regt die Durchblutung an. Die nat\u00fcrliche Revitalisierung der Haut wird aktiviert, die dadurch gesunder und straffer wirkt.<\/td>\n<\/tr>\n<tr>\n<td><strong>Kr\u00e4uterstempelmassage<\/strong> (50 min):<\/td>\n<td style=\"text-align: right;\">18 000 HUF \/Behandlung<\/td>\n<\/tr>\n<tr>\n<td colspan=\"2\">Hierbei handelt es sich um eine spezielle, traditionelle chinesische Kr\u00e4utermassagetechnik. Bei dieser Behandlung werden mit getrokneter Kr\u00e4utermischung bef\u00fcllten B\u00e4llen verwendet, deren individuelle Zusammensetzung von der gew\u00fcnschten Wirkung bestimmt wird.<br \/>\nNach der Vorbereitung der unteren Extremit\u00e4ten und des R\u00fcckens durch Aroma\u00f6len werden diese Bereiche mithilfe von diesen durch Dampf erw\u00e4rmten B\u00e4llen mit Streichung, Reibung und leichte Druckbewegungen behandelt.<br \/>\nDie Behandlung wirkt allgemein entspannend und regt die Durchblutung an. Durch die Poren der Haut und durch den Atemwegen nimmt der K\u00f6rper die nat\u00fcrliche Vitalstoffe mit gesundheitspflegender Wirkung auf, die dem K\u00f6rper unterst\u00fctzen Toxine zu entfernen.<\/td>\n<\/tr>\n<tr>\n<td><strong>Bambusmassage<\/strong> (50 min):<\/td>\n<td style=\"text-align: right;\">15 000 HUF \/Behandlung<\/td>\n<\/tr>\n<tr>\n<td colspan=\"2\">Da wir mit Naturmaterialien arbeiten, hat dies eine sehr positive Wirkung auf die behandelte Person. Wir k\u00f6nnen mit unterschiedlich gro\u00dfen Bambusst\u00e4ben arbeiten, die ganz sanfte und streichelnde Bewegungen sind, aber wir k\u00f6nnen bei Bedarf auch etwas st\u00e4rkere Griffe verwenden.<br \/>\nAnwendungsgebiete: Stressbedingte Muskelverspannungen in allen K\u00f6rperregionen, bei R\u00fcckenschmerzen, zur Entspannung, Reinigung des Lymphsystems, St\u00e4rkung des Bindegewebes.<\/td>\n<\/tr>\n<\/tbody>\n<\/table>\n<h2>Manik\u0171r, Pedik\u0171r<\/h2>\n<table class=\"table table-hover\">\n<tbody>\n<tr>\n<td>Manik\u00fcre (40 min):<\/td>\n<td style=\"text-align: right;\">7 000 HUF \/Behandlung<\/td>\n<\/tr>\n<tr>\n<td>Manik\u00fcre mit Lackieren (60 min):<\/td>\n<td style=\"text-align: right;\">9 500 HUF \/Behandlung<\/td>\n<\/tr>\n<tr>\n<td>Manik\u00fcre mit Gel-Lackieren (60 min):<\/td>\n<td style=\"text-align: right;\">12 500 HUF \/Behandlung<\/td>\n<\/tr>\n<tr>\n<td>Franz\u00f6sisch mit Gel-Lakieren (60 min):<\/td>\n<td style=\"text-align: right;\">12 500 HUF \/Behandlung<\/td>\n<\/tr>\n<tr>\n<td>Pedik\u00fcre (60 min):<\/td>\n<td style=\"text-align: right;\">10 000 HUF \/Behandlung<\/td>\n<\/tr>\n<tr>\n<td>Pedik\u00fcre mit Lackieren (80 min):<\/td>\n<td style=\"text-align: right;\">12 500 HUF \/Behandlung<\/td>\n<\/tr>\n<tr>\n<td>Pedik\u00fcre mit mit Gel-Lakieren (80 min):<\/td>\n<td style=\"text-align: right;\">15 500 HUF \/Behandlung<\/td>\n<\/tr>\n<tr>\n<td>Franz\u00f6sisch Pedik\u00fcre mit mit Gel-Lakieren(80 min):<\/td>\n<td style=\"text-align: right;\">15 500 HUF \/Behandlung<\/td>\n<\/tr>\n<tr>\n<td>Japanische Manik\u00fcre (60 min):<\/td>\n<td style=\"text-align: right;\">9 500 HUF \/Behandlung<\/td>\n<\/tr>\n<\/tbody>\n<\/table>\n<h2>Kosmetische Leistungen<\/h2>\n<p>Unsere Behandlungen werden mit den qualitativ hochwertigen Produkten von Helia-D durchgef\u00fchrt, die als Symbol der ungarischen Kosmetikherstellung bezeichnet werden. Diese professionellen Produkte enthalten Vitamine, nat\u00fcrliche P\ufb02anzenextrakte (Sonnenblumenstiel, Ringelblume, pflanzliche Stammzellen-Extrakte) feuchtigkeitsspendende Pflanzen\u00f6le (Traubenkern-, Argan-, Jojoba\u00f6l und Sheabutter).<br \/>\nSie sindfrei von kiinstlichen Farbsto\ufb01en, Parabenen und Mineral\u00f6len.<\/p>\n<table class=\"table table-hover\">\n<tbody>\n<tr>\n<td>Regenerierende Behandlung mit der Hyaluron Produktserie (80 min):<\/td>\n<td style=\"text-align: right;\">26 000 HUF<\/td>\n<\/tr>\n<tr>\n<td>Regenerierende Behandlung Weichsel-P\ufb02aume (80 min)<\/td>\n<td style=\"text-align: right;\">26 000 HUF<\/td>\n<\/tr>\n<tr>\n<td>Aufbau-Behandlung mit Hyalurons\u00e4ure (25 min)<\/td>\n<td style=\"text-align: right;\">12 000 HUF<\/td>\n<\/tr>\n<tr>\n<td>Aufbaubehandlung Weichsel-P\ufb02aume (25 min)<\/td>\n<td style=\"text-align: right;\">12 000 HUF<\/td>\n<\/tr>\n<\/tbody>\n<\/table>\n","protected":false},"excerpt":{"rendered":"<p>Massageangebot Wir verwenden nat\u00fcrliche, paraffinfreie Aroma\u00f6le auf pflanzlicher Basis mit einem angenehmen Duft. In unserem Massageangebot findet jeder Gast die seiner Bed\u00fcrfnissen entsprechenden Behandlung. \u00dcberraschen Sie sich selbst oder Ihre Familie mit einer angenehmen Erholung! &nbsp; &nbsp; K\u00f6rpermassage mit Aroma\u00f6len (25 min): 9 000 HUF \/Behandlung Bei dieser Massage wird die untere Extremit\u00e4t von hinten <a href=\"https:\/\/info.belenushotel.hu\/de\/verwoehnung\/\" class=\"more-link\">&#8230;<\/a><\/p>\n","protected":false},"author":1,"featured_media":0,"parent":0,"menu_order":0,"comment_status":"closed","ping_status":"closed","template":"","meta":{"footnotes":""},"class_list":["post-409","page","type-page","status-publish","hentry"],"_links":{"self":[{"href":"https:\/\/info.belenushotel.hu\/de\/wp-json\/wp\/v2\/pages\/409","targetHints":{"allow":["GET"]}}],"collection":[{"href":"https:\/\/info.belenushotel.hu\/de\/wp-json\/wp\/v2\/pages"}],"about":[{"href":"https:\/\/info.belenushotel.hu\/de\/wp-json\/wp\/v2\/types\/page"}],"author":[{"embeddable":true,"href":"https:\/\/info.belenushotel.hu\/de\/wp-json\/wp\/v2\/users\/1"}],"replies":[{"embeddable":true,"href":"https:\/\/info.belenushotel.hu\/de\/wp-json\/wp\/v2\/comments?post=409"}],"version-history":[{"count":9,"href":"https:\/\/info.belenushotel.hu\/de\/wp-json\/wp\/v2\/pages\/409\/revisions"}],"predecessor-version":[{"id":628,"href":"https:\/\/info.belenushotel.hu\/de\/wp-json\/wp\/v2\/pages\/409\/revisions\/628"}],"wp:attachment":[{"href":"https:\/\/info.belenushotel.hu\/de\/wp-json\/wp\/v2\/media?parent=409"}],"curies":[{"name":"wp","href":"https:\/\/api.w.org\/{rel}","templated":true}]}}