{"id":349,"date":"2021-04-29T11:44:38","date_gmt":"2021-04-29T11:44:38","guid":{"rendered":"https:\/\/info.belenushotel.hu\/?page_id=349"},"modified":"2021-04-29T11:44:38","modified_gmt":"2021-04-29T11:44:38","slug":"streichelzoo-in-fenyvespuszta","status":"publish","type":"page","link":"https:\/\/info.belenushotel.hu\/de\/programme\/streichelzoo-in-fenyvespuszta\/","title":{"rendered":"Streichelzoo in Fenyvespuszta"},"content":{"rendered":"<p>Liebst du Tiere? Was jeder wirklich gerne m\u00f6chte, Tiere ganz nah erleben. Hier kannst du dir deinen Wunsch erf\u00fcllen. Wasserb\u00fcffel, Mangalica-Schweine, Esel, Pferde, Ziegen und viele andere Tiere freuen sich auf deinen Besuch. Bei uns kannst du Ponys reiten, mit der Pferdekutsche fahren und mit kleinen Ziegen spielen. Besuch bei jeden Wetter m\u00f6glich. Im Sommer l\u00e4ngere \u00d6ffnungszeiten.<\/p>\n","protected":false},"excerpt":{"rendered":"<p>Liebst du Tiere? Was jeder wirklich gerne m\u00f6chte, Tiere ganz nah erleben. Hier kannst du dir deinen Wunsch erf\u00fcllen. Wasserb\u00fcffel, Mangalica-Schweine, Esel, Pferde, Ziegen und viele andere Tiere freuen sich auf deinen Besuch. Bei uns kannst du Ponys reiten, mit der Pferdekutsche fahren und mit kleinen Ziegen spielen. Besuch bei jeden Wetter m\u00f6glich. Im Sommer <a href=\"https:\/\/info.belenushotel.hu\/de\/programme\/streichelzoo-in-fenyvespuszta\/\" class=\"more-link\">&#8230;<\/a><\/p>\n","protected":false},"author":1,"featured_media":350,"parent":187,"menu_order":0,"comment_status":"closed","ping_status":"closed","template":"","meta":{"footnotes":""},"class_list":["post-349","page","type-page","status-publish","has-post-thumbnail","hentry"],"_links":{"self":[{"href":"https:\/\/info.belenushotel.hu\/de\/wp-json\/wp\/v2\/pages\/349","targetHints":{"allow":["GET"]}}],"collection":[{"href":"https:\/\/info.belenushotel.hu\/de\/wp-json\/wp\/v2\/pages"}],"about":[{"href":"https:\/\/info.belenushotel.hu\/de\/wp-json\/wp\/v2\/types\/page"}],"author":[{"embeddable":true,"href":"https:\/\/info.belenushotel.hu\/de\/wp-json\/wp\/v2\/users\/1"}],"replies":[{"embeddable":true,"href":"https:\/\/info.belenushotel.hu\/de\/wp-json\/wp\/v2\/comments?post=349"}],"version-history":[{"count":1,"href":"https:\/\/info.belenushotel.hu\/de\/wp-json\/wp\/v2\/pages\/349\/revisions"}],"predecessor-version":[{"id":351,"href":"https:\/\/info.belenushotel.hu\/de\/wp-json\/wp\/v2\/pages\/349\/revisions\/351"}],"up":[{"embeddable":true,"href":"https:\/\/info.belenushotel.hu\/de\/wp-json\/wp\/v2\/pages\/187"}],"wp:featuredmedia":[{"embeddable":true,"href":"https:\/\/info.belenushotel.hu\/de\/wp-json\/wp\/v2\/media\/350"}],"wp:attachment":[{"href":"https:\/\/info.belenushotel.hu\/de\/wp-json\/wp\/v2\/media?parent=349"}],"curies":[{"name":"wp","href":"https:\/\/api.w.org\/{rel}","templated":true}]}}