{"id":343,"date":"2021-04-29T11:42:22","date_gmt":"2021-04-29T11:42:22","guid":{"rendered":"https:\/\/info.belenushotel.hu\/?page_id=343"},"modified":"2021-04-29T11:42:22","modified_gmt":"2021-04-29T11:42:22","slug":"nagybakonak-steinfels-schlucht","status":"publish","type":"page","link":"https:\/\/info.belenushotel.hu\/de\/programme\/nagybakonak-steinfels-schlucht\/","title":{"rendered":"Nagybak\u00f3nak Steinfels-schlucht"},"content":{"rendered":"<p>Nagybak\u00f3nak liegt in der N\u00e4he von Nagykanizsa an der alten Hauptstra\u00dfe 7. Dieses wundersch\u00f6ne Sackgassendorf in einem wundersch\u00f6nen Tal ist ein beliebtes Ausflugsziel.<\/p>\n<p>Es ist kein Zufall, dass die Gemeinde und ihre Umgebung der Ausganspunkt von Wanderausfl\u00fcgen sind, denn die hier zu findende Steinfels-Schlucht bietet Besuchern ein echtes wild-romantisches Erlebnis. Der Volksmund nennt den Ort lediglich Kicikla (kleiner Fels).<\/p>\n<p>Die drei Quellen sind westlich von dem Dorf auf der blauen Route erreichbar. Unter denen ist die \u00c1rp\u00e1d-Quelle eine trockene Gedenkquelle. Folgen Sie dem blauen Dreieck um die Sch\u00f6nheiten der Schlucht zu entdecken. Die immer tiefer werdenden steilen Sandsteinw\u00e4nde sind ein wundersch\u00f6ner Anblick. Kommt man nach einem Regentag in die Schlucht, dann kann man die Sch\u00f6nheit der umliegenden D\u00f6rfer bewundern. Das Wasser in der Schlucht entflie\u00dft unter den Steinen und aus den W\u00e4nden. Bei der Wanderung in der Schlucht betrachten Sie die gesch\u00fctzten Pflanzen: die Alpenveilchen, die st\u00e4ngellosen Schl\u00fcsselblumen, die Seidelbaste, Wicken und Lebermoose.<\/p>\n","protected":false},"excerpt":{"rendered":"<p>Nagybak\u00f3nak liegt in der N\u00e4he von Nagykanizsa an der alten Hauptstra\u00dfe 7. Dieses wundersch\u00f6ne Sackgassendorf in einem wundersch\u00f6nen Tal ist ein beliebtes Ausflugsziel. Es ist kein Zufall, dass die Gemeinde und ihre Umgebung der Ausganspunkt von Wanderausfl\u00fcgen sind, denn die hier zu findende Steinfels-Schlucht bietet Besuchern ein echtes wild-romantisches Erlebnis. Der Volksmund nennt den Ort <a href=\"https:\/\/info.belenushotel.hu\/de\/programme\/nagybakonak-steinfels-schlucht\/\" class=\"more-link\">&#8230;<\/a><\/p>\n","protected":false},"author":1,"featured_media":344,"parent":187,"menu_order":0,"comment_status":"closed","ping_status":"closed","template":"","meta":{"footnotes":""},"class_list":["post-343","page","type-page","status-publish","has-post-thumbnail","hentry"],"_links":{"self":[{"href":"https:\/\/info.belenushotel.hu\/de\/wp-json\/wp\/v2\/pages\/343","targetHints":{"allow":["GET"]}}],"collection":[{"href":"https:\/\/info.belenushotel.hu\/de\/wp-json\/wp\/v2\/pages"}],"about":[{"href":"https:\/\/info.belenushotel.hu\/de\/wp-json\/wp\/v2\/types\/page"}],"author":[{"embeddable":true,"href":"https:\/\/info.belenushotel.hu\/de\/wp-json\/wp\/v2\/users\/1"}],"replies":[{"embeddable":true,"href":"https:\/\/info.belenushotel.hu\/de\/wp-json\/wp\/v2\/comments?post=343"}],"version-history":[{"count":1,"href":"https:\/\/info.belenushotel.hu\/de\/wp-json\/wp\/v2\/pages\/343\/revisions"}],"predecessor-version":[{"id":345,"href":"https:\/\/info.belenushotel.hu\/de\/wp-json\/wp\/v2\/pages\/343\/revisions\/345"}],"up":[{"embeddable":true,"href":"https:\/\/info.belenushotel.hu\/de\/wp-json\/wp\/v2\/pages\/187"}],"wp:featuredmedia":[{"embeddable":true,"href":"https:\/\/info.belenushotel.hu\/de\/wp-json\/wp\/v2\/media\/344"}],"wp:attachment":[{"href":"https:\/\/info.belenushotel.hu\/de\/wp-json\/wp\/v2\/media?parent=343"}],"curies":[{"name":"wp","href":"https:\/\/api.w.org\/{rel}","templated":true}]}}