{"id":337,"date":"2021-04-29T11:40:28","date_gmt":"2021-04-29T11:40:28","guid":{"rendered":"https:\/\/info.belenushotel.hu\/?page_id=337"},"modified":"2021-04-29T11:40:28","modified_gmt":"2021-04-29T11:40:28","slug":"waldbahn-in-csoemoeder","status":"publish","type":"page","link":"https:\/\/info.belenushotel.hu\/de\/programme\/waldbahn-in-csoemoeder\/","title":{"rendered":"Waldbahn in Cs\u00f6m\u00f6d\u00e9r"},"content":{"rendered":"<p>Der emblematischste Darsteller der Landschaft im Komitat Zala ist das Waldbahnnetz von ZALAERD\u0150 Zrt., das einen Teil der W\u00e4lder in dem Komitat in der L\u00e4nge von etwa 109 Kilometern umspannt. Die Personenz\u00fcge verkehren fahrplanm\u00e4\u00dfig von dem Ende April bis zum Ende September, zwischen Lenti und Kistolm\u00e1cs, in der L\u00e4nge von 32 Kilometern. An Sondertagen, die zu verschiedenen Festtagen zu verbinden sind, wie zum Beispiel: Valentinstag, Ostern, Martintag oder Nikolaustag, fahren wir Sonderz\u00fcge an. Auf Wunsch k\u00f6nnen wir Fahrradtransport-Wagen zu den Z\u00fcgen anschlie\u00dfen. Unser aktueller Fahrplan und unsere aktuellen Programme sind auf unserer Webseite zu finden.<\/p>\n<p>Verschiedene Touristenrouten entweder f\u00fcr Radfahren oder f\u00fcr Wanderungen schlie\u00dfen sich an der Bahn an. Die Ausstellung \u201eSch\u00e4tze von G\u00f6csej, der Wald und der Baum\u201c ist in Lenti, an der Endhaltestelle zu sehen. Die Besucher haben die M\u00f6glichkeit, mit Hilfe der reichlichen Dokument-, Foto- und Gegenstandmaterialien, in die f\u00fcr diese Umgebung charakteristische, farbige Welt der G\u00f6csej W\u00e4lder, in die harte und uneigenn\u00fctzige Arbeit der F\u00f6rster, die f\u00fcr die W\u00e4lder arbeiten; in die traditionelle, etwa 200 j\u00e4hrige Geschichte der Waldbahn, in die Ergebnisse der weltber\u00fchmten Edelhirschwirtschaft und endlich aber nicht zuletzt in die Erlebnisse der S\u00e4geindustrie in Lenti einen Einblick zu bekommen.<\/p>\n","protected":false},"excerpt":{"rendered":"<p>Der emblematischste Darsteller der Landschaft im Komitat Zala ist das Waldbahnnetz von ZALAERD\u0150 Zrt., das einen Teil der W\u00e4lder in dem Komitat in der L\u00e4nge von etwa 109 Kilometern umspannt. Die Personenz\u00fcge verkehren fahrplanm\u00e4\u00dfig von dem Ende April bis zum Ende September, zwischen Lenti und Kistolm\u00e1cs, in der L\u00e4nge von 32 Kilometern. An Sondertagen, die <a href=\"https:\/\/info.belenushotel.hu\/de\/programme\/waldbahn-in-csoemoeder\/\" class=\"more-link\">&#8230;<\/a><\/p>\n","protected":false},"author":1,"featured_media":338,"parent":187,"menu_order":0,"comment_status":"closed","ping_status":"closed","template":"","meta":{"footnotes":""},"class_list":["post-337","page","type-page","status-publish","has-post-thumbnail","hentry"],"_links":{"self":[{"href":"https:\/\/info.belenushotel.hu\/de\/wp-json\/wp\/v2\/pages\/337","targetHints":{"allow":["GET"]}}],"collection":[{"href":"https:\/\/info.belenushotel.hu\/de\/wp-json\/wp\/v2\/pages"}],"about":[{"href":"https:\/\/info.belenushotel.hu\/de\/wp-json\/wp\/v2\/types\/page"}],"author":[{"embeddable":true,"href":"https:\/\/info.belenushotel.hu\/de\/wp-json\/wp\/v2\/users\/1"}],"replies":[{"embeddable":true,"href":"https:\/\/info.belenushotel.hu\/de\/wp-json\/wp\/v2\/comments?post=337"}],"version-history":[{"count":1,"href":"https:\/\/info.belenushotel.hu\/de\/wp-json\/wp\/v2\/pages\/337\/revisions"}],"predecessor-version":[{"id":339,"href":"https:\/\/info.belenushotel.hu\/de\/wp-json\/wp\/v2\/pages\/337\/revisions\/339"}],"up":[{"embeddable":true,"href":"https:\/\/info.belenushotel.hu\/de\/wp-json\/wp\/v2\/pages\/187"}],"wp:featuredmedia":[{"embeddable":true,"href":"https:\/\/info.belenushotel.hu\/de\/wp-json\/wp\/v2\/media\/338"}],"wp:attachment":[{"href":"https:\/\/info.belenushotel.hu\/de\/wp-json\/wp\/v2\/media?parent=337"}],"curies":[{"name":"wp","href":"https:\/\/api.w.org\/{rel}","templated":true}]}}