{"id":331,"date":"2021-04-29T11:37:12","date_gmt":"2021-04-29T11:37:12","guid":{"rendered":"https:\/\/info.belenushotel.hu\/?page_id=331"},"modified":"2021-04-29T11:37:12","modified_gmt":"2021-04-29T11:37:12","slug":"7-feldherren-historische-abenteuerpark-und-farm","status":"publish","type":"page","link":"https:\/\/info.belenushotel.hu\/de\/programme\/7-feldherren-historische-abenteuerpark-und-farm\/","title":{"rendered":"7 Feldherren Historische Abenteuerpark und Farm"},"content":{"rendered":"<p>Die Leute, die den Abenteuerpark ertr\u00e4umt haben, haben das Ziel festgesetzt, der Park ein Treffplatz von Generation zu sein. Der Ort passt auch vollkommen zu der Anforderung des Ungarischen Nationalem Grundlehrplan, der unterst\u00fctz der handelnde Lehre, so kann die erwerbte Wissen in der Praxis genutzt sein.<\/p>\n<p>Der Abenteuerpark hilft unbemerkt die Bildung und St\u00e4rkung der Heimatkunde und der Vaterlandsliebe. Der Besuch von dem Abenteuerpark bietet so ein Erlebnis, das nicht nur f\u00fcr die Augen und Mund reizvoll ist, sondern auch f\u00fcr den K\u00f6rper und Geist.<\/p>\n<p>Die Portr\u00e4tgalerie der Ungarischen K\u00f6nigen und die st\u00e4ndige Ausstellung der Jurte Zelten einmalige Weise lassen die Geschichte der Fl\u00e4che aus der Zeit der Landnahme sehen. In der Jurte Zelten befindliche st\u00e4ndige Ausstellungen machen unsere Geschichte durch die neueste arch\u00e4ologischen und anthropologischen Nachforschungen und durch die erreichbare authentischen historische Quelle bildnerisch und unterrichten die Besucher unterhaltend.<\/p>\n<p>Au\u00dfer dem Ausstellen versichern die gastronomische Besonderheiten, da\u00df alle Altersklasse der Familien sich wirklich ausspannen k\u00f6nnen. F\u00fcr die Kleine die geliebte Sache ist das Tierchenstreicheln.<\/p>\n<h2>Was findest du in den Wetterzaubern Historische Abenteuerpark?<\/h2>\n<ul>\n<li>Da 7 Feldherren Jurte Zeltlager: 7 St\u00fcck mongolische Zelte, drinnen bebilderte Geschichte der Landnahme, und Ausstellungen der zeitgen\u00f6ssische Sachen, Dingen und Kleidungen.<\/li>\n<li>Den Burg der Hanna Prinzessin: eine Ziegelburg mit 240 m2 Grundgebiet, mit 4 Wartturm, mit 120 m2 Schaub\u00fchne, mit 160 m2 Kampfplatz, mit 160 m2 Drehgange und darunter Bogengang, und die Portr\u00e4tgalerie der Ungarischen K\u00f6nigen: Bildnisausstellung von 52 Ungarischen K\u00f6nigen<\/li>\n<li>Kavallerienplatz: f\u00fcr reiten, springen, und Hindernistrieb geeignete Strecke.<\/li>\n<li>Bogensch\u00fctzenbahn: 4 Stellenbahn, mit verschiedenen Bogen.<\/li>\n<li>K\u00e4sefabrik: die Verarbeitung der eigenen Milch. Geeignet ist f\u00fcr Milch, Quark, Milchrahm, Sahne, Joghurt, Butter und K\u00e4se Herstellungen.<\/li>\n<li>Anblickk\u00fcche: Freifl\u00e4chengrillk\u00fcche, mit Brotbackenm\u00f6glichkeit.<\/li>\n<li>Elektrische Gokartbahn: im Alter von 4 bis 14 Jahre.<\/li>\n<li>2 Burgspielplatz<\/li>\n<li>Leinenbahn<\/li>\n<\/ul>\n","protected":false},"excerpt":{"rendered":"<p>Die Leute, die den Abenteuerpark ertr\u00e4umt haben, haben das Ziel festgesetzt, der Park ein Treffplatz von Generation zu sein. Der Ort passt auch vollkommen zu der Anforderung des Ungarischen Nationalem Grundlehrplan, der unterst\u00fctz der handelnde Lehre, so kann die erwerbte Wissen in der Praxis genutzt sein. Der Abenteuerpark hilft unbemerkt die Bildung und St\u00e4rkung der <a href=\"https:\/\/info.belenushotel.hu\/de\/programme\/7-feldherren-historische-abenteuerpark-und-farm\/\" class=\"more-link\">&#8230;<\/a><\/p>\n","protected":false},"author":1,"featured_media":332,"parent":187,"menu_order":0,"comment_status":"closed","ping_status":"closed","template":"","meta":{"footnotes":""},"class_list":["post-331","page","type-page","status-publish","has-post-thumbnail","hentry"],"_links":{"self":[{"href":"https:\/\/info.belenushotel.hu\/de\/wp-json\/wp\/v2\/pages\/331","targetHints":{"allow":["GET"]}}],"collection":[{"href":"https:\/\/info.belenushotel.hu\/de\/wp-json\/wp\/v2\/pages"}],"about":[{"href":"https:\/\/info.belenushotel.hu\/de\/wp-json\/wp\/v2\/types\/page"}],"author":[{"embeddable":true,"href":"https:\/\/info.belenushotel.hu\/de\/wp-json\/wp\/v2\/users\/1"}],"replies":[{"embeddable":true,"href":"https:\/\/info.belenushotel.hu\/de\/wp-json\/wp\/v2\/comments?post=331"}],"version-history":[{"count":1,"href":"https:\/\/info.belenushotel.hu\/de\/wp-json\/wp\/v2\/pages\/331\/revisions"}],"predecessor-version":[{"id":333,"href":"https:\/\/info.belenushotel.hu\/de\/wp-json\/wp\/v2\/pages\/331\/revisions\/333"}],"up":[{"embeddable":true,"href":"https:\/\/info.belenushotel.hu\/de\/wp-json\/wp\/v2\/pages\/187"}],"wp:featuredmedia":[{"embeddable":true,"href":"https:\/\/info.belenushotel.hu\/de\/wp-json\/wp\/v2\/media\/332"}],"wp:attachment":[{"href":"https:\/\/info.belenushotel.hu\/de\/wp-json\/wp\/v2\/media?parent=331"}],"curies":[{"name":"wp","href":"https:\/\/api.w.org\/{rel}","templated":true}]}}