{"id":325,"date":"2021-04-29T11:34:30","date_gmt":"2021-04-29T11:34:30","guid":{"rendered":"https:\/\/info.belenushotel.hu\/?page_id=325"},"modified":"2021-04-29T11:35:09","modified_gmt":"2021-04-29T11:35:09","slug":"flughafen","status":"publish","type":"page","link":"https:\/\/info.belenushotel.hu\/de\/programme\/flughafen\/","title":{"rendered":"Flughafen"},"content":{"rendered":"<h2>Fliegen Sie mit uns!<\/h2>\n<p>Besuchen Sie unseren idyllischen famili\u00e4ren Flughafen in Zalakaros, der neben der nach Zalakom\u00e1r f\u00fchrenden Landstra\u00dfe liegt!<\/p>\n<p>Unsere Piloten und unser Personal erwarten Sie herzlich. Wollen Sie und Ihre Freunde oder Familienmitglieder unvergessliche Momente erleben und die Zalaer Landschaften nicht nur vom Boden aus bewundern, gew\u00e4hren wir Ihnen die M\u00f6glichkeit eines Blicks auf wundersch\u00f6ne Orte, Landschaften, Burgen, bekannte und neue Sehensw\u00fcrdigkeiten aus der Vogelperspektive.<\/p>\n<p>Unsere Piloten stellen Ihnen die Sch\u00f6nheit unserer Umgebung gern vor: den Kis-Balaton und den Plattensee, den Schloss Festetics in Keszthely, den Heilsee H\u00e9viz, den gr\u00fcnen Zug des Berges Badacsony und weitere sch\u00f6ne Sehensw\u00fcrdigkeiten unserer Umgebung.<\/p>\n<p>Unsere Piloten willkommen Sie herzlich an Bord!<\/p>\n","protected":false},"excerpt":{"rendered":"<p>Fliegen Sie mit uns! Besuchen Sie unseren idyllischen famili\u00e4ren Flughafen in Zalakaros, der neben der nach Zalakom\u00e1r f\u00fchrenden Landstra\u00dfe liegt! Unsere Piloten und unser Personal erwarten Sie herzlich. Wollen Sie und Ihre Freunde oder Familienmitglieder unvergessliche Momente erleben und die Zalaer Landschaften nicht nur vom Boden aus bewundern, gew\u00e4hren wir Ihnen die M\u00f6glichkeit eines Blicks <a href=\"https:\/\/info.belenushotel.hu\/de\/programme\/flughafen\/\" class=\"more-link\">&#8230;<\/a><\/p>\n","protected":false},"author":1,"featured_media":327,"parent":187,"menu_order":0,"comment_status":"closed","ping_status":"closed","template":"","meta":{"footnotes":""},"class_list":["post-325","page","type-page","status-publish","has-post-thumbnail","hentry"],"_links":{"self":[{"href":"https:\/\/info.belenushotel.hu\/de\/wp-json\/wp\/v2\/pages\/325","targetHints":{"allow":["GET"]}}],"collection":[{"href":"https:\/\/info.belenushotel.hu\/de\/wp-json\/wp\/v2\/pages"}],"about":[{"href":"https:\/\/info.belenushotel.hu\/de\/wp-json\/wp\/v2\/types\/page"}],"author":[{"embeddable":true,"href":"https:\/\/info.belenushotel.hu\/de\/wp-json\/wp\/v2\/users\/1"}],"replies":[{"embeddable":true,"href":"https:\/\/info.belenushotel.hu\/de\/wp-json\/wp\/v2\/comments?post=325"}],"version-history":[{"count":1,"href":"https:\/\/info.belenushotel.hu\/de\/wp-json\/wp\/v2\/pages\/325\/revisions"}],"predecessor-version":[{"id":326,"href":"https:\/\/info.belenushotel.hu\/de\/wp-json\/wp\/v2\/pages\/325\/revisions\/326"}],"up":[{"embeddable":true,"href":"https:\/\/info.belenushotel.hu\/de\/wp-json\/wp\/v2\/pages\/187"}],"wp:featuredmedia":[{"embeddable":true,"href":"https:\/\/info.belenushotel.hu\/de\/wp-json\/wp\/v2\/media\/327"}],"wp:attachment":[{"href":"https:\/\/info.belenushotel.hu\/de\/wp-json\/wp\/v2\/media?parent=325"}],"curies":[{"name":"wp","href":"https:\/\/api.w.org\/{rel}","templated":true}]}}