{"id":319,"date":"2021-04-29T11:32:58","date_gmt":"2021-04-29T11:32:58","guid":{"rendered":"https:\/\/info.belenushotel.hu\/?page_id=319"},"modified":"2021-04-29T11:32:58","modified_gmt":"2021-04-29T11:32:58","slug":"angeln","status":"publish","type":"page","link":"https:\/\/info.belenushotel.hu\/de\/programme\/angeln\/","title":{"rendered":"Angeln"},"content":{"rendered":"<p><strong>To the south of Kis-Balaton<\/strong> \u2013 Balatoni Halgazd\u00e1lkod\u00e1si Nonprofit Zrt.<br \/>\nTel: 06 84\/519-630; 06 84\/519-640 Fax: 06 84\/519-641 E-mail: titkarsag@balatonihalgazdalkodas.hu<br \/>\nAngling areas: Babos Island \u2013 K\u00e1nyav\u00e1ri Island \u2013 Zalav\u00e1r on the south side of the public road<\/p>\n<p><strong>To the south of Kis-Balaton<\/strong> \u2013 Municipality of Zalaap\u00e1ti &#8211; 8741 Zalaap\u00e1ti, Szent Istv\u00e1n t\u00e9r 9.<br \/>\nTel: 06 83\/352-003 E-mail: zalaapati.onkormanyzat@axelero.hu<br \/>\nGalambok &#8211; Galambok \u00e9s Vid\u00e9ke Angler Association &#8211; 8754 Galambok, D\u00f3zsa Gy\u00f6rgy \u00fat 18.<br \/>\nContact: Farkas Ern\u00f5, Tel: +36-30\/6821721<\/p>\n<p><strong>Mih\u00e1ld \u2013 Pat &#8211; Mih\u00e1ldi Angling Association<\/strong> &#8211; 8825 Mih\u00e1ld Ady u. Chairman: Hal\u00e1sz Lajos<br \/>\nZalamerenye &#8211; Zalamerenye \u00e9s K\u00f6rny\u00e9ke Tourism and Angling Association<br \/>\n8747 Zalamerenye J\u00f3kai u. 2.<\/p>\n","protected":false},"excerpt":{"rendered":"<p>To the south of Kis-Balaton \u2013 Balatoni Halgazd\u00e1lkod\u00e1si Nonprofit Zrt. Tel: 06 84\/519-630; 06 84\/519-640 Fax: 06 84\/519-641 E-mail: titkarsag@balatonihalgazdalkodas.hu Angling areas: Babos Island \u2013 K\u00e1nyav\u00e1ri Island \u2013 Zalav\u00e1r on the south side of the public road To the south of Kis-Balaton \u2013 Municipality of Zalaap\u00e1ti &#8211; 8741 Zalaap\u00e1ti, Szent Istv\u00e1n t\u00e9r 9. Tel: 06 <a href=\"https:\/\/info.belenushotel.hu\/de\/programme\/angeln\/\" class=\"more-link\">&#8230;<\/a><\/p>\n","protected":false},"author":1,"featured_media":321,"parent":187,"menu_order":0,"comment_status":"closed","ping_status":"closed","template":"","meta":{"footnotes":""},"class_list":["post-319","page","type-page","status-publish","has-post-thumbnail","hentry"],"_links":{"self":[{"href":"https:\/\/info.belenushotel.hu\/de\/wp-json\/wp\/v2\/pages\/319","targetHints":{"allow":["GET"]}}],"collection":[{"href":"https:\/\/info.belenushotel.hu\/de\/wp-json\/wp\/v2\/pages"}],"about":[{"href":"https:\/\/info.belenushotel.hu\/de\/wp-json\/wp\/v2\/types\/page"}],"author":[{"embeddable":true,"href":"https:\/\/info.belenushotel.hu\/de\/wp-json\/wp\/v2\/users\/1"}],"replies":[{"embeddable":true,"href":"https:\/\/info.belenushotel.hu\/de\/wp-json\/wp\/v2\/comments?post=319"}],"version-history":[{"count":1,"href":"https:\/\/info.belenushotel.hu\/de\/wp-json\/wp\/v2\/pages\/319\/revisions"}],"predecessor-version":[{"id":320,"href":"https:\/\/info.belenushotel.hu\/de\/wp-json\/wp\/v2\/pages\/319\/revisions\/320"}],"up":[{"embeddable":true,"href":"https:\/\/info.belenushotel.hu\/de\/wp-json\/wp\/v2\/pages\/187"}],"wp:featuredmedia":[{"embeddable":true,"href":"https:\/\/info.belenushotel.hu\/de\/wp-json\/wp\/v2\/media\/321"}],"wp:attachment":[{"href":"https:\/\/info.belenushotel.hu\/de\/wp-json\/wp\/v2\/media?parent=319"}],"curies":[{"name":"wp","href":"https:\/\/api.w.org\/{rel}","templated":true}]}}