{"id":313,"date":"2021-04-29T11:28:47","date_gmt":"2021-04-29T11:28:47","guid":{"rendered":"https:\/\/info.belenushotel.hu\/?page_id=313"},"modified":"2021-04-29T11:28:47","modified_gmt":"2021-04-29T11:28:47","slug":"wandertouren-wanderwegen","status":"publish","type":"page","link":"https:\/\/info.belenushotel.hu\/de\/programme\/wandertouren-wanderwegen\/","title":{"rendered":"Wandertouren, Wanderwegen"},"content":{"rendered":"<p>Der Waldpark (Parkerd\u0151) l\u00e4dt zu angenehmen Touren ein. Die Wanderwege f\u00fchren alle am Aussichtsturm vorbei, von dem sich ein wunderbares Panorama auf das Balaton-Oberland bietet, bei Fernsicht sieht man sogar bis nach Badacsony.<\/p>\n<ol>\n<li>Spaziergang im Gebiet des Waldparkes von Zalakaros: 4150 Meter, die am Aussichtsturm vorbeif\u00fchren, an der Rodelbahn und den sogenannten \u201eHundert Stufen\u201c.<\/li>\n<li>Die \u201eB\u00f6gre-hegy\u201d-Runde: 5500 Meter, die durch die Stadt f\u00fchren, den Weinberg hinauf und einige Kellergassen entlang, am Glockenstuhl vorbei<\/li>\n<li>\u201eAussichtsrunde\u201d: 5150 Meter, die durch die Stadt f\u00fchren, an Gesch\u00e4ften vorbei, Restaurants, am Aussichtsturm und Weinkellern vorbei<\/li>\n<li>\u201eObere Bergrunde\u201d: 5850 Meter durch die Stadt, an einem Eiscaf\u00e9 vorbei, an Restaurants, zum Aussichtsturm mit wunderbarem Panorama auf die Umgebung<\/li>\n<li>Route des blauen Weitwanderweges: 22 km in Richtung Galambok und Zala\u00fajlak<\/li>\n<li>Bad Zalakaros \u2013 Waldpark \u2013 Weinberge \u2013 Fischsee Galambok \u2013 Galambok<\/li>\n<li>Route des gr\u00fcnen Regionalwanderwegs: 10 km in Richtung Zalamerenye<\/li>\n<\/ol>\n","protected":false},"excerpt":{"rendered":"<p>Der Waldpark (Parkerd\u0151) l\u00e4dt zu angenehmen Touren ein. Die Wanderwege f\u00fchren alle am Aussichtsturm vorbei, von dem sich ein wunderbares Panorama auf das Balaton-Oberland bietet, bei Fernsicht sieht man sogar bis nach Badacsony. Spaziergang im Gebiet des Waldparkes von Zalakaros: 4150 Meter, die am Aussichtsturm vorbeif\u00fchren, an der Rodelbahn und den sogenannten \u201eHundert Stufen\u201c. Die <a href=\"https:\/\/info.belenushotel.hu\/de\/programme\/wandertouren-wanderwegen\/\" class=\"more-link\">&#8230;<\/a><\/p>\n","protected":false},"author":1,"featured_media":314,"parent":187,"menu_order":0,"comment_status":"closed","ping_status":"closed","template":"","meta":{"footnotes":""},"class_list":["post-313","page","type-page","status-publish","has-post-thumbnail","hentry"],"_links":{"self":[{"href":"https:\/\/info.belenushotel.hu\/de\/wp-json\/wp\/v2\/pages\/313","targetHints":{"allow":["GET"]}}],"collection":[{"href":"https:\/\/info.belenushotel.hu\/de\/wp-json\/wp\/v2\/pages"}],"about":[{"href":"https:\/\/info.belenushotel.hu\/de\/wp-json\/wp\/v2\/types\/page"}],"author":[{"embeddable":true,"href":"https:\/\/info.belenushotel.hu\/de\/wp-json\/wp\/v2\/users\/1"}],"replies":[{"embeddable":true,"href":"https:\/\/info.belenushotel.hu\/de\/wp-json\/wp\/v2\/comments?post=313"}],"version-history":[{"count":1,"href":"https:\/\/info.belenushotel.hu\/de\/wp-json\/wp\/v2\/pages\/313\/revisions"}],"predecessor-version":[{"id":315,"href":"https:\/\/info.belenushotel.hu\/de\/wp-json\/wp\/v2\/pages\/313\/revisions\/315"}],"up":[{"embeddable":true,"href":"https:\/\/info.belenushotel.hu\/de\/wp-json\/wp\/v2\/pages\/187"}],"wp:featuredmedia":[{"embeddable":true,"href":"https:\/\/info.belenushotel.hu\/de\/wp-json\/wp\/v2\/media\/314"}],"wp:attachment":[{"href":"https:\/\/info.belenushotel.hu\/de\/wp-json\/wp\/v2\/media?parent=313"}],"curies":[{"name":"wp","href":"https:\/\/api.w.org\/{rel}","templated":true}]}}