{"id":288,"date":"2021-04-29T11:22:24","date_gmt":"2021-04-29T11:22:24","guid":{"rendered":"https:\/\/info.belenushotel.hu\/?page_id=288"},"modified":"2021-04-29T11:22:24","modified_gmt":"2021-04-29T11:22:24","slug":"fahrradtouren","status":"publish","type":"page","link":"https:\/\/info.belenushotel.hu\/de\/programme\/fahrradtouren\/","title":{"rendered":"Fahrradtouren"},"content":{"rendered":"<p>Ausgeschilderte Fahrradtouren f\u00fchren von dem Zalakaroser Fahrradzentrum mit verschiedener Schwierigkeit und L\u00e4nge, wo Sie die Sehensw\u00fcrdigkeiten der Umgebung entdecken k\u00f6nnen.<\/p>\n<h3>Fahrradwege:<\/h3>\n<ol>\n<li><strong>Rund um den Klein Balaton (30 km)<\/strong><br \/>\nZalakaros \u2013 Zalakom\u00e1r \u2013 K\u00e1polnapusztai Bivalyrezerv\u00e1tum \u2013 Balatonmagyar\u00f3d \u2013 K\u00e1nyav\u00e1ri-sziget\u2013 Zalav\u00e1r \u2013 Zalaszabar \u2013 Nagyrada \u2013 Garabonc \u2013 Zalakaros<\/li>\n<li><strong>In Richtung Nagykanizsa<\/strong><br \/>\nZalakaros \u2013 Galambok \u2013 Nagyr\u00e9cse \u2013 Nagykanizsa \u2013 Gelse \u2013 Kilim\u00e1n \u2013 Orosztony \u2013 Zalaszabar \u2013 Nagyrada \u2013 Garabonc \u2013 Zalakaros<\/li>\n<li><strong>In Richtung H\u00fcgel Somogyi<\/strong><br \/>\nZalakaros \u2013 Galambok \u2013 Zalaszentjakab \u2013 Mih\u00e1ld \u2013 Pat \u2013 Inke \u2013 Iharosber\u00e9ny \u2013 Nagykanizsa \u2013 Nagyr\u00e9cse \u2013 Galambok \u2013 Zalakaros<\/li>\n<\/ol>\n","protected":false},"excerpt":{"rendered":"<p>Ausgeschilderte Fahrradtouren f\u00fchren von dem Zalakaroser Fahrradzentrum mit verschiedener Schwierigkeit und L\u00e4nge, wo Sie die Sehensw\u00fcrdigkeiten der Umgebung entdecken k\u00f6nnen. Fahrradwege: Rund um den Klein Balaton (30 km) Zalakaros \u2013 Zalakom\u00e1r \u2013 K\u00e1polnapusztai Bivalyrezerv\u00e1tum \u2013 Balatonmagyar\u00f3d \u2013 K\u00e1nyav\u00e1ri-sziget\u2013 Zalav\u00e1r \u2013 Zalaszabar \u2013 Nagyrada \u2013 Garabonc \u2013 Zalakaros In Richtung Nagykanizsa Zalakaros \u2013 Galambok \u2013 Nagyr\u00e9cse <a href=\"https:\/\/info.belenushotel.hu\/de\/programme\/fahrradtouren\/\" class=\"more-link\">&#8230;<\/a><\/p>\n","protected":false},"author":1,"featured_media":289,"parent":187,"menu_order":0,"comment_status":"closed","ping_status":"closed","template":"","meta":{"footnotes":""},"class_list":["post-288","page","type-page","status-publish","has-post-thumbnail","hentry"],"_links":{"self":[{"href":"https:\/\/info.belenushotel.hu\/de\/wp-json\/wp\/v2\/pages\/288","targetHints":{"allow":["GET"]}}],"collection":[{"href":"https:\/\/info.belenushotel.hu\/de\/wp-json\/wp\/v2\/pages"}],"about":[{"href":"https:\/\/info.belenushotel.hu\/de\/wp-json\/wp\/v2\/types\/page"}],"author":[{"embeddable":true,"href":"https:\/\/info.belenushotel.hu\/de\/wp-json\/wp\/v2\/users\/1"}],"replies":[{"embeddable":true,"href":"https:\/\/info.belenushotel.hu\/de\/wp-json\/wp\/v2\/comments?post=288"}],"version-history":[{"count":1,"href":"https:\/\/info.belenushotel.hu\/de\/wp-json\/wp\/v2\/pages\/288\/revisions"}],"predecessor-version":[{"id":290,"href":"https:\/\/info.belenushotel.hu\/de\/wp-json\/wp\/v2\/pages\/288\/revisions\/290"}],"up":[{"embeddable":true,"href":"https:\/\/info.belenushotel.hu\/de\/wp-json\/wp\/v2\/pages\/187"}],"wp:featuredmedia":[{"embeddable":true,"href":"https:\/\/info.belenushotel.hu\/de\/wp-json\/wp\/v2\/media\/289"}],"wp:attachment":[{"href":"https:\/\/info.belenushotel.hu\/de\/wp-json\/wp\/v2\/media?parent=288"}],"curies":[{"name":"wp","href":"https:\/\/api.w.org\/{rel}","templated":true}]}}