{"id":282,"date":"2021-04-29T11:20:41","date_gmt":"2021-04-29T11:20:41","guid":{"rendered":"https:\/\/info.belenushotel.hu\/?page_id=282"},"modified":"2021-04-29T11:20:41","modified_gmt":"2021-04-29T11:20:41","slug":"abenteuerpark-zobori-kalandozoo","status":"publish","type":"page","link":"https:\/\/info.belenushotel.hu\/de\/programme\/abenteuerpark-zobori-kalandozoo\/","title":{"rendered":"Abenteuerpark  Zobori KalandoZoo"},"content":{"rendered":"<p>Wenn man das Wochenende mit der Familie am Balaton oder in Zalakaros verbringt, darf <strong>Zobori KalandoZoo<\/strong> in Zalaszabar, mit dem Auto nur 5 Minuten von der Badestadt entfernt, nicht verpasst werden. Das wunderbare Panorama vom Kleinbalaton verzaubert gleich, es reicht, nur einen Blick auf den Abenteuerpark zu werfen und gleich gl\u00fcht das Adrenalin\u2026<\/p>\n<p>Hier befindet sich ein richtiges Arsenal von Rutschbahnen, in verschiedenen Variationen, in allen Farben des Regenbogens im Freien, und innen im Rutschhaus, f\u00fcr alle F\u00e4lle, wenn es au\u00dfen regnet. Auf der <strong>Bahn Snowtubing<\/strong> kannst du das Erlebnis des Rodelns ohne Schnee genie\u00dfen, du kannst in riesengro\u00dfen Gummituben rasen, biegen, oder wortw\u00f6rtlich in Richtung Kleinbalaton auf der Holperpiste fliegen! Wenn du den freien Fall gern aufprobieren w\u00fcrdest, kannst du es nicht nur auf der Rutschbahn machen, aber auch virtuell, im neusten <strong>4XD Kino<\/strong> kann im Laufe eines abenteuerlichen Tags alles vorkommen.<\/p>\n<p>F\u00fcr die Kleinsten wird es auch nicht langweilig: Mini-Greifbagger, Baby-Seilbahn, Platz zum Tier-Streicheln, Spielhaus, Wettbewerbe erwarten sie. Kinderparadies vom Besten! Auch f\u00fcr Eltern!<\/p>\n","protected":false},"excerpt":{"rendered":"<p>Wenn man das Wochenende mit der Familie am Balaton oder in Zalakaros verbringt, darf Zobori KalandoZoo in Zalaszabar, mit dem Auto nur 5 Minuten von der Badestadt entfernt, nicht verpasst werden. Das wunderbare Panorama vom Kleinbalaton verzaubert gleich, es reicht, nur einen Blick auf den Abenteuerpark zu werfen und gleich gl\u00fcht das Adrenalin\u2026 Hier befindet <a href=\"https:\/\/info.belenushotel.hu\/de\/programme\/abenteuerpark-zobori-kalandozoo\/\" class=\"more-link\">&#8230;<\/a><\/p>\n","protected":false},"author":1,"featured_media":283,"parent":187,"menu_order":0,"comment_status":"closed","ping_status":"closed","template":"","meta":{"footnotes":""},"class_list":["post-282","page","type-page","status-publish","has-post-thumbnail","hentry"],"_links":{"self":[{"href":"https:\/\/info.belenushotel.hu\/de\/wp-json\/wp\/v2\/pages\/282","targetHints":{"allow":["GET"]}}],"collection":[{"href":"https:\/\/info.belenushotel.hu\/de\/wp-json\/wp\/v2\/pages"}],"about":[{"href":"https:\/\/info.belenushotel.hu\/de\/wp-json\/wp\/v2\/types\/page"}],"author":[{"embeddable":true,"href":"https:\/\/info.belenushotel.hu\/de\/wp-json\/wp\/v2\/users\/1"}],"replies":[{"embeddable":true,"href":"https:\/\/info.belenushotel.hu\/de\/wp-json\/wp\/v2\/comments?post=282"}],"version-history":[{"count":1,"href":"https:\/\/info.belenushotel.hu\/de\/wp-json\/wp\/v2\/pages\/282\/revisions"}],"predecessor-version":[{"id":284,"href":"https:\/\/info.belenushotel.hu\/de\/wp-json\/wp\/v2\/pages\/282\/revisions\/284"}],"up":[{"embeddable":true,"href":"https:\/\/info.belenushotel.hu\/de\/wp-json\/wp\/v2\/pages\/187"}],"wp:featuredmedia":[{"embeddable":true,"href":"https:\/\/info.belenushotel.hu\/de\/wp-json\/wp\/v2\/media\/283"}],"wp:attachment":[{"href":"https:\/\/info.belenushotel.hu\/de\/wp-json\/wp\/v2\/media?parent=282"}],"curies":[{"name":"wp","href":"https:\/\/api.w.org\/{rel}","templated":true}]}}