{"id":270,"date":"2021-04-29T11:16:42","date_gmt":"2021-04-29T11:16:42","guid":{"rendered":"https:\/\/info.belenushotel.hu\/?page_id=270"},"modified":"2021-04-29T11:16:42","modified_gmt":"2021-04-29T11:16:42","slug":"kanyavari-insel","status":"publish","type":"page","link":"https:\/\/info.belenushotel.hu\/de\/programme\/kanyavari-insel\/","title":{"rendered":"K\u00e1nyav\u00e1ri Insel"},"content":{"rendered":"<p>An der Grenze von Balatonmagyar\u00f3d, befindet sich der Eingang der K\u00e1nyav\u00e1ri-Insel, des beliebten Ausflugsziels der Klein-Balaton Region. Am Ende des mit Pappeln verzierten Weges, welcher zu der Insel f\u00fchrt, steht ein Parkplatz f\u00fcr Autos und Fahrr\u00e4der zur Verf\u00fcgung.<\/p>\n<p>Einige Schritte von dem Parkplatz entfernt steht eine besonders sch\u00f6ne Br\u00fccke aus gebogenem Holz \u00fcber die die stille, kleine Insel zu erreichen ist. Das Ausflugszentrum ist frei zu besuchen. Die Ruhest\u00e4tten und B\u00e4nke bieten Erholung, die Feuerpl\u00e4tze sind ideal zum Kochen und Braten. Touristen mit Angelrouten k\u00f6nnen die Angelpl\u00e4tze der Insel besetzen, wenn sie die Tageskarte auf dem Parkplatz l\u00f6sen. Erklimmt man die Warte auf der Insel, so kann man die abwechslungsreiche Vogelwelt der Klein-Balaton Region bewundern. Das Begehen des 2 km langen Haubentaucher-Lehrpfades, welcher geordnete Informationen \u00fcber die Flora und Fauna der Klein-Balaton Region gibt, ist empfehlenswert.<\/p>\n","protected":false},"excerpt":{"rendered":"<p>An der Grenze von Balatonmagyar\u00f3d, befindet sich der Eingang der K\u00e1nyav\u00e1ri-Insel, des beliebten Ausflugsziels der Klein-Balaton Region. Am Ende des mit Pappeln verzierten Weges, welcher zu der Insel f\u00fchrt, steht ein Parkplatz f\u00fcr Autos und Fahrr\u00e4der zur Verf\u00fcgung. Einige Schritte von dem Parkplatz entfernt steht eine besonders sch\u00f6ne Br\u00fccke aus gebogenem Holz \u00fcber die die <a href=\"https:\/\/info.belenushotel.hu\/de\/programme\/kanyavari-insel\/\" class=\"more-link\">&#8230;<\/a><\/p>\n","protected":false},"author":1,"featured_media":271,"parent":187,"menu_order":0,"comment_status":"closed","ping_status":"closed","template":"","meta":{"footnotes":""},"class_list":["post-270","page","type-page","status-publish","has-post-thumbnail","hentry"],"_links":{"self":[{"href":"https:\/\/info.belenushotel.hu\/de\/wp-json\/wp\/v2\/pages\/270","targetHints":{"allow":["GET"]}}],"collection":[{"href":"https:\/\/info.belenushotel.hu\/de\/wp-json\/wp\/v2\/pages"}],"about":[{"href":"https:\/\/info.belenushotel.hu\/de\/wp-json\/wp\/v2\/types\/page"}],"author":[{"embeddable":true,"href":"https:\/\/info.belenushotel.hu\/de\/wp-json\/wp\/v2\/users\/1"}],"replies":[{"embeddable":true,"href":"https:\/\/info.belenushotel.hu\/de\/wp-json\/wp\/v2\/comments?post=270"}],"version-history":[{"count":1,"href":"https:\/\/info.belenushotel.hu\/de\/wp-json\/wp\/v2\/pages\/270\/revisions"}],"predecessor-version":[{"id":272,"href":"https:\/\/info.belenushotel.hu\/de\/wp-json\/wp\/v2\/pages\/270\/revisions\/272"}],"up":[{"embeddable":true,"href":"https:\/\/info.belenushotel.hu\/de\/wp-json\/wp\/v2\/pages\/187"}],"wp:featuredmedia":[{"embeddable":true,"href":"https:\/\/info.belenushotel.hu\/de\/wp-json\/wp\/v2\/media\/271"}],"wp:attachment":[{"href":"https:\/\/info.belenushotel.hu\/de\/wp-json\/wp\/v2\/media?parent=270"}],"curies":[{"name":"wp","href":"https:\/\/api.w.org\/{rel}","templated":true}]}}