{"id":264,"date":"2021-04-29T11:14:20","date_gmt":"2021-04-29T11:14:20","guid":{"rendered":"https:\/\/info.belenushotel.hu\/?page_id=264"},"modified":"2021-04-29T11:14:20","modified_gmt":"2021-04-29T11:14:20","slug":"dotto-bahn","status":"publish","type":"page","link":"https:\/\/info.belenushotel.hu\/de\/programme\/dotto-bahn\/","title":{"rendered":"Dotto Bahn"},"content":{"rendered":"<h2>Wir erwarten Sie gerne zu einer kleinen Reise mit unserem liebevollen Zug Dotto!<\/h2>\n<h2>Stadtbesichtigung<\/h2>\n<p>T\u00e4gliche Stadtrundfahrt mit der DOTTO Bahn mit deutschsprachiger F\u00fchrung! Mit dem Fahrer k\u00f6nnen Sie einen Zeitpunkt vereinbaren, wann er Sie wieder abholen soll, und er bringt Sie &#8211; mit dem selben Ticket &#8211; zur Haltestelle zur\u00fcck, wo Sie eingestiegen sind. Ihr Ticket k\u00f6nnen Sie beim Chauffeur von DOTTO Kleinzug kaufen!<\/p>\n<h2>Weintour<\/h2>\n<p>Ein Abenteuer Tour mit deutschsprachiger F\u00fchrung organisieren wir f\u00fcr Sie, verbunden mit einer Stadtbesichtigung und einer Wein-Tour. Unsere G\u00e4ste werden mit dem ABENTEURBUS DOTTO in den 150 j\u00e4hrigen Arany Weinkeller wie auch in die Weinstube Szent Orb\u00e1n chauffiert und dort wird Ihnen eine kostenlose Weinverkostung angeboten. Im Rahmen unserer Weintour ist dann ein kleiner Spaziergang angesagt zum h\u00f6chsten und sch\u00f6nsten Aussichtspunkt von Zalakaros, wo Sie ein ebenso malerisches wie phantastisches Panorama erwartet. Die Reise setzt sich fort f\u00fcr einen Besuch in das Altdorf, wir werden in eine T\u00f6pfer werkstatt einkehren wo Sie einen Einblick in die Keramikanfertigung bekommen. Die Tickets l\u00f6sen Sie bitte beim Bus-Chauffeur von ABENTEURBUS an der DOTTO Haltestelle!<\/p>\n<h2>Ausflug mit DOTTO zum B\u00fcffelreservat in \u201eK\u00e1polnapuszta\u201d und zum Kleinen- Plattensee!<\/h2>\n<p>Diese wundersch\u00f6ne M\u00f6glichkeit m\u00f6chten wir allen G\u00e4sten empfehlen!<br \/>\nDazu laden wir Sie herzlich ein! Machen Sie eine Halbtagsreise mit dem Kleinzug DOTTO zum Kleinen-Plattensee und zum B\u00fcffelreservat in K\u00e1polnapuszta. Dort erleben die Kinder und die Erwachsene etwas Einmaliges. Im Zuge der Anreise kann man den Kleinen-Plattensee, das B\u00fcffelreservat von K\u00e1polnapuszta,so wie auch die umliegenden D\u00f6rfer und deren Geschichte kennenlernen. Beim Ankommen im B\u00fcffelreservat wird in einer Ausstellung die mannigfaltige \u2013 reiche Natur samt deren Lebewesen am Kleinen-Plattensee pr\u00e4sentiert und aufgezeigt. Das B\u00fcffelreservat umfasst 30 Ha, worin 200 B\u00fcffel ans\u00e4ssig leben, sie geh\u00f6ren zu der gr\u00f6ssten, einzigartigen B\u00fcffelgruppe Ungarns. Wer mutig genug ist, kann sich mit den B\u00fcffeln n\u00e4her befassen. Auf einem ein Kilometer langen Spazierweg kann man sich mit den Tieren im Reservat wie etwa Hirsch, Reh, Ziege, Esel, Zeisel, Graurind, deren Verhalten und Eigenarten auf den angelegten Aussichtspunkten und Rastpl\u00e4tzen n\u00e4her befassen. Nach der Besichtigung des B\u00fcffelreservats begeben wir uns zum Kleinen-Plattensee, weltweit bekannt f\u00fcr die vielfaltige Vogelwelt und die zauberhafte Natur. 250 verschiedene Arten von V\u00f6geln leben dort selbst in einem Schutzgebiet, das \u00e4usserst seltenen aufzufinden ist: diese Insel ist durch eine h\u00f6lzerne Br\u00fccke erreichbar. Ein Aussichtsturm und viele Wanderwege sind auch zu finden. DOTTO bietet Ihnen diese unvergessliche Erlebnis-M\u00f6glichkeit an, was Ihnen unvergesslich in Erinnerung verbleiben wird!<\/p>\n<p>F\u00fcr Erwachsene gibt es Erm\u00e4\u00dfigungskarten f\u00fcr das B\u00fcffelreservat, Informationen \u00fcber den Ausflug und Tickets erhalten Sie von uns, selbstverst\u00e4ndlich kostenfrei!<\/p>\n","protected":false},"excerpt":{"rendered":"<p>Wir erwarten Sie gerne zu einer kleinen Reise mit unserem liebevollen Zug Dotto! Stadtbesichtigung T\u00e4gliche Stadtrundfahrt mit der DOTTO Bahn mit deutschsprachiger F\u00fchrung! Mit dem Fahrer k\u00f6nnen Sie einen Zeitpunkt vereinbaren, wann er Sie wieder abholen soll, und er bringt Sie &#8211; mit dem selben Ticket &#8211; zur Haltestelle zur\u00fcck, wo Sie eingestiegen sind. Ihr <a href=\"https:\/\/info.belenushotel.hu\/de\/programme\/dotto-bahn\/\" class=\"more-link\">&#8230;<\/a><\/p>\n","protected":false},"author":1,"featured_media":265,"parent":187,"menu_order":0,"comment_status":"closed","ping_status":"closed","template":"","meta":{"footnotes":""},"class_list":["post-264","page","type-page","status-publish","has-post-thumbnail","hentry"],"_links":{"self":[{"href":"https:\/\/info.belenushotel.hu\/de\/wp-json\/wp\/v2\/pages\/264","targetHints":{"allow":["GET"]}}],"collection":[{"href":"https:\/\/info.belenushotel.hu\/de\/wp-json\/wp\/v2\/pages"}],"about":[{"href":"https:\/\/info.belenushotel.hu\/de\/wp-json\/wp\/v2\/types\/page"}],"author":[{"embeddable":true,"href":"https:\/\/info.belenushotel.hu\/de\/wp-json\/wp\/v2\/users\/1"}],"replies":[{"embeddable":true,"href":"https:\/\/info.belenushotel.hu\/de\/wp-json\/wp\/v2\/comments?post=264"}],"version-history":[{"count":1,"href":"https:\/\/info.belenushotel.hu\/de\/wp-json\/wp\/v2\/pages\/264\/revisions"}],"predecessor-version":[{"id":266,"href":"https:\/\/info.belenushotel.hu\/de\/wp-json\/wp\/v2\/pages\/264\/revisions\/266"}],"up":[{"embeddable":true,"href":"https:\/\/info.belenushotel.hu\/de\/wp-json\/wp\/v2\/pages\/187"}],"wp:featuredmedia":[{"embeddable":true,"href":"https:\/\/info.belenushotel.hu\/de\/wp-json\/wp\/v2\/media\/265"}],"wp:attachment":[{"href":"https:\/\/info.belenushotel.hu\/de\/wp-json\/wp\/v2\/media?parent=264"}],"curies":[{"name":"wp","href":"https:\/\/api.w.org\/{rel}","templated":true}]}}