{"id":258,"date":"2021-04-29T11:12:33","date_gmt":"2021-04-29T11:12:33","guid":{"rendered":"https:\/\/info.belenushotel.hu\/?page_id=258"},"modified":"2021-04-29T11:12:33","modified_gmt":"2021-04-29T11:12:33","slug":"segway-tour-in-zalakaros","status":"publish","type":"page","link":"https:\/\/info.belenushotel.hu\/de\/programme\/segway-tour-in-zalakaros\/","title":{"rendered":"Segway-Tour in Zalakaros"},"content":{"rendered":"<p>Das Segway ist das erste, sich balancierende Fahrzeug, was geschaffen wurde, um Dich wirklich \u00fcberall hinzufahren. Es erm\u00f6glicht Dir, Dich schneller zu bewegen und dadurch wird Dir der Verkehr zum Riesenspa\u00df.<\/p>\n<p><strong>Unser B\u00fcro ist das ganze Jahr offen!<\/strong> Unsere Touren k\u00f6nnen nach <strong>telefonischer Absprache<\/strong> an vereinbarten Tagen (jeder Tag m\u00f6glich), ab 2 Teilnehmer gestartet werden.<\/p>\n<p>Das Segway ist deswegen einzigartig, weil es aufrecht stehen bleiben kann, obwohl Du Dich nach vorne neigst und es nur zwei R\u00e4der hat. Es beinhaltet viele technische Kuriosit\u00e4ten, Du brauchst nicht Gas geben oder bremsen, Du steuerst es nur alleine mit Deiner K\u00f6rpersprache.<\/p>\n<p>Die extremen Bodenbeschaffenheiten bereiten ihm kein Hindernis, es bew\u00e4ltigt Buckeln, schafft die staubigen oder schlammigen Wege der W\u00e4lder und H\u00fcgel sind f\u00fcr das Segway auch keine Probleme.<\/p>\n<p>Und was f\u00fcr Sehensw\u00fcrdigkeiten bieten Zalakaros und ihre Umgebung?<\/p>\n<p>Der erste Stopp unserer kleinen Tour ist der Aussichtsturm, von dort k\u00f6nnen wir den Klein-Balaton und die obere Landschaft des Balatons betrachten. Unsere Fahrt wird dann neben dem Park-Wald von Zalakaros, bei den Weing\u00e4rten und Weinkellern fortgesetzt.<\/p>\n<p>Wenn wir unternehmungslustig sind, k\u00f6nnen wir auch einen 5st\u00fcndigen, wildromantischen Ausflug zum B\u00fcffelreservat in K\u00e1polnapuszta auf uns nehmen.<\/p>\n<p>Zur Nutzung vom Segway ben\u00f6tigt man keinen F\u00fchrerschein oder Fahrpraxis. Wir brauchen nichts anderes zu tun, nur uns nach vorne oder hinten, rechts oder links zu neigen um das Fahrzeug zu lenken.<\/p>\n<p>Die Segways d\u00fcrfen ab dem Alter von 10 Jahre und bei einem K\u00f6rpergewicht zwischen 40 und 110 kg benutzt werden.<\/p>\n<p style=\"text-align: justify;\">Web: <a href=\"https:\/\/segwayzalakaros.hu\/de\" target=\"_blank\" rel=\"noopener noreferrer\">Segway Zalakaros<\/a><\/p>\n","protected":false},"excerpt":{"rendered":"<p>Das Segway ist das erste, sich balancierende Fahrzeug, was geschaffen wurde, um Dich wirklich \u00fcberall hinzufahren. Es erm\u00f6glicht Dir, Dich schneller zu bewegen und dadurch wird Dir der Verkehr zum Riesenspa\u00df. Unser B\u00fcro ist das ganze Jahr offen! Unsere Touren k\u00f6nnen nach telefonischer Absprache an vereinbarten Tagen (jeder Tag m\u00f6glich), ab 2 Teilnehmer gestartet werden. <a href=\"https:\/\/info.belenushotel.hu\/de\/programme\/segway-tour-in-zalakaros\/\" class=\"more-link\">&#8230;<\/a><\/p>\n","protected":false},"author":1,"featured_media":259,"parent":187,"menu_order":0,"comment_status":"closed","ping_status":"closed","template":"","meta":{"footnotes":""},"class_list":["post-258","page","type-page","status-publish","has-post-thumbnail","hentry"],"_links":{"self":[{"href":"https:\/\/info.belenushotel.hu\/de\/wp-json\/wp\/v2\/pages\/258","targetHints":{"allow":["GET"]}}],"collection":[{"href":"https:\/\/info.belenushotel.hu\/de\/wp-json\/wp\/v2\/pages"}],"about":[{"href":"https:\/\/info.belenushotel.hu\/de\/wp-json\/wp\/v2\/types\/page"}],"author":[{"embeddable":true,"href":"https:\/\/info.belenushotel.hu\/de\/wp-json\/wp\/v2\/users\/1"}],"replies":[{"embeddable":true,"href":"https:\/\/info.belenushotel.hu\/de\/wp-json\/wp\/v2\/comments?post=258"}],"version-history":[{"count":1,"href":"https:\/\/info.belenushotel.hu\/de\/wp-json\/wp\/v2\/pages\/258\/revisions"}],"predecessor-version":[{"id":260,"href":"https:\/\/info.belenushotel.hu\/de\/wp-json\/wp\/v2\/pages\/258\/revisions\/260"}],"up":[{"embeddable":true,"href":"https:\/\/info.belenushotel.hu\/de\/wp-json\/wp\/v2\/pages\/187"}],"wp:featuredmedia":[{"embeddable":true,"href":"https:\/\/info.belenushotel.hu\/de\/wp-json\/wp\/v2\/media\/259"}],"wp:attachment":[{"href":"https:\/\/info.belenushotel.hu\/de\/wp-json\/wp\/v2\/media?parent=258"}],"curies":[{"name":"wp","href":"https:\/\/api.w.org\/{rel}","templated":true}]}}