{"id":245,"date":"2021-04-29T11:08:42","date_gmt":"2021-04-29T11:08:42","guid":{"rendered":"https:\/\/info.belenushotel.hu\/?page_id=245"},"modified":"2021-04-29T11:08:42","modified_gmt":"2021-04-29T11:08:42","slug":"thermalsee-und-oekoufer","status":"publish","type":"page","link":"https:\/\/info.belenushotel.hu\/de\/programme\/thermalsee-und-oekoufer\/","title":{"rendered":"Thermalsee und \u00d6koufer"},"content":{"rendered":"<p>Zalakaros ist eine Badestadt, die durch Verwendung des aufsprudelnden Thermalwassers als Ressource wirtschaftliche Kraft in der Region darstellt. Die im aufsprudelnden Wasser befindlichen Mineralstoffe erm\u00f6glichten den Ausbau des Thermalbades und gew\u00e4hrleisten den Betrieb. Der Weg zum Thermalsee f\u00fchrt auf dem Promenadenweg direkt vom D\u00edsz-Platz aus und die Besucher k\u00f6nnen bei einer kleineren Tour den See mit Thermalwasser und die umliegenden thematischen Punkte besichtigen sowie die Sehensw\u00fcrdigkeiten des Thermalsees und des \u00d6koufer erkunden.<\/p>\n<h2>Das Tor zum Thermalsee: Empfangsgeb\u00e4ude<\/h2>\n<p>Die erste Station f\u00fcr die bei dem Thermalsee ankommenden G\u00e4ste ist das wundersch\u00f6n gestaltetes Empfangsgeb\u00e4ude, dessen aufregendster Bereich der vierst\u00f6ckige Aussichtsturm ist, wovon aus sich ein herrlicher Panoramablick auf den See selbst, den umliegenden Wald, bzw. die gesamte Anlage er\u00f6ffnet. Zum Geb\u00e4ude geh\u00f6ren auch ein Ausstellungsraum, eine Veranstaltungsterrasse und ein Kinderspielplatz. Es kann gesagt werden, dass diese Einrichtung das Tor zum Thermalsee ist: hier beginnen die Promenadenwege, hier erhalten die Besucher die Lagepl\u00e4ne und Routenpl\u00e4ne, welche sie mit Aufgaben durch die Themenrouten f\u00fchrt. Auf den &#8211; aus dem Empfangsgeb\u00e4ude ausgehenden &#8211; Promenadenwegen k\u00f6nnen die Besucher den gesamten Bereich in beliebige Richtung erkunden.<\/p>\n<h2>Thermalsee<\/h2>\n<p>Die aus dem Empfangsgeb\u00e4ude ausgehende Promenade f\u00fchrt die Besucher ganz bis zum See, der seinen Wasservorrat aus dem abflie\u00dfenden Thermalwasser des Thermalbades von Zalakaros gewinnt. Der Thermalsee hat eine Fl\u00e4che von 12 900 m2, der tiefste Punkt ist 1,8 Meter. Beim Spazieren am Ufer kann man die typischen Uferpflanzen, zum Beispiel den schmalbl\u00e4ttrigen Rohrkolben bewundern, auf dem Wassererlebnispfad kann man Wasser- Schwaden, Blumenbinsen, Sumpf-Schwertlilien, Zwerg-Rohrkolben sehen, von der Insel in der Seemitte hat man wunderbaren Blick auf die duftigen Seerosen, indischen roten Zwerg-Seerosen, rosafarbenen Seerosen oder die zahlreichen Netzfl\u00fcgler.<\/p>\n<h2>Wassererlebnispfad<\/h2>\n<p>Die Abenteuerlustigen k\u00f6nnen das Gehen auf dem Wasser mit Hilfe des in der Mitte des Thermalsees gestalteten Wassererlebnispfads versuchen. Der Pfad wurde im Bereich mit geringer Wassertiefe gebaut, besteht aus einem Beton-Plattenweg mit rutschfester Oberfl\u00e4che, die das sichere Spiel gew\u00e4hrleisten.<\/p>\n<h2>Meditationsraum der Lichter<\/h2>\n<p>Nach den aufregenden M\u00f6glichkeiten des Sees lohnt es sich die kleine Lichtung im Wald zu besuchen. Die Fl\u00e4che selbst strahlt Ruhe aus. Der Meditationsraum der Lichter wurde aufgrund der durch die B\u00e4ume des Waldes durchdringenden Lichter und die Verst\u00e4rkung deren Wirkung gebaut. In einem Raum unter Dach wurden Holzs\u00e4ulen von verschiedener Gr\u00f6\u00dfe gestellt, die gew\u00e4hrleisten, dass die Sonne durch eine der Spalten jederzeit &#8211; aber immer nur f\u00fcr kurze Zeit &#8211; in den Raum scheint: die Lichtstrahlen \u00e4ndern sich st\u00e4ndig mit der Bewegung der Sonne. Mit Hilfe der Anordnung kann bereits innerhalb von kurzer Zeit der Effekt der Erdrotation gesehen werden: die Lichtstrahlen beim Betreten des Raums verschwinden in wenigen Minuten und erscheinen anderswo.<\/p>\n<h2>Pavillon der Kl\u00e4nge<\/h2>\n<p>Nach dem Meditationsraum der Lichter, wo unsere Augen geblendet wurden, lohnt sich es auch den Pavillon der Kl\u00e4nge neben dem Empfangsgeb\u00e4ude zu besuchen. Hier sind klangerzeugende Elemente von unterschiedlicher H\u00f6he ausgestellt, mit denen wir spielerisch Einblick in die Welt der Ger\u00e4usche der akustischen Natur gewinnen, die \u00c4nderung der L\u00e4nge der Schallwellen beobachten k\u00f6nnen.<\/p>\n<h2>Naturlehrpfad<\/h2>\n<p>Die zu Fu\u00df begehbare Route besteht aus 5 Stationen, die die Flora und Fauna der umliegenden W\u00e4lder, die traditionellen Waldnutzungsformen, die Prozesse der Landschaftsentwicklung verarbeiten. Bei allen Stationen gibt es ein interaktives Whiteboard, Schattierungstafeln, bzw. Tafeln mit Pflanzennamen, mit denen das Wissen spielerisch erworben werden kann. Die einzelnen Themen sind zu einer Geschichte verbunden.<\/p>\n<h2>M\u00e4rchenpark<\/h2>\n<p>F\u00fcr die Familien mit kleineren Kindern kann der M\u00e4rchenpark sehr interessant sein, der mit originellen Spielelementen f\u00fcr Unterhaltung sorgt. Die Kinder k\u00f6nnen den Sandkasten, den Tunnel, bzw. das durch den M\u00e4rchenpark flie\u00dfende winzige B\u00e4chlein oder die zwischen den Zweigen der B\u00e4ume gebaute Holzh\u00fctte erkunden. Neben den Neuigkeiten sind im Park auch die traditionellen Spielplatzelemente wie die verschiedenen Federschaukeln oder die Untertasseschaukeln zu finden.<\/p>\n<h2>Labyrinth<\/h2>\n<p>Labyrinthe findet man auf der ganzen Welt, in zahlreichen Kulturen von der Vorgeschichte bis zur Gegenwart. Ein dichtes Netz von Korridoren, wo man eine hervorragende Beobachtungs- und Orientierungsf\u00e4higkeit braucht, um rauszukommen. Im Erholungspark zur aktiven Erholung k\u00f6nnen wir unseren K\u00f6rper und danach auch unser Gehirn bewegen. Im Labyrinth aus nat\u00fcrlichen Materialien neben dem Empfangsgeb\u00e4ude k\u00f6nnen die G\u00e4ste diese F\u00e4higkeiten testen. Es bietet einzigartiges Erlebnis sowohl f\u00fcr Kinder als auch f\u00fcr Erwachsene, der Spa\u00df ist garantiert, auch f\u00fcr diejenige, die sich verirren.<\/p>\n<h2>Park f\u00fcr Senioren zur aktiven Erholung<\/h2>\n<p>In unserem Land werden der gesunde Lebensstil und die regelm\u00e4\u00dfige Bewegung immer popul\u00e4rer. Nun wurde auch in Zalakaros der Outdoor-Fitness-Park zug\u00e4nglich, wo wir frische Luft schnappen und dabei uns bewegen und unseren K\u00f6rper st\u00e4rken k\u00f6nnen. Alle Ger\u00e4te haben eine Beschreibung, aus der die G\u00e4ste erfahren k\u00f6nnen, wie man diese ordnungsgem\u00e4\u00df verwendet und welche Wirkung diese auf den K\u00f6rper haben. Im Park stehen Ger\u00e4te zur R\u00fcckenbewegung, zur Beinmuskelkr\u00e4ftigung, mehrere Ger\u00e4te zur Verbesserung der Bewegungskoordination, zur Bewegung der Armmuskulatur, Langlauf- Laufger\u00e4te, Ger\u00e4te zur Heilung der Schultergelenke sowie Massage- und Pendelger\u00e4t zur Verf\u00fcgung.<\/p>\n<h2>Rutschenwelt<\/h2>\n<p>Das monumentalste und wortw\u00f6rtlich herausragendste Element der in der N\u00e4he des Thermalsees gestalteten kleinen Welt ist der 21 Meter hohe Rutschenturm, der bez\u00fcglich seiner Gr\u00f6\u00dfe einzigartig in dem ganzen Land ist. Der Rutschenturm hat zwei Wasserrutschen mit den Namen Turbo und Kamikaze. Beide Wasserrutschen sind bez\u00fcglich ihrer Gr\u00f6\u00dfe angsteinfl\u00f6\u00dfend auf den ersten Blick, aber beim Rutschen sp\u00fcrt man nicht mehr, woher man runtersaust. Die Turbo-Wasserrutsche ist 75 Meter lang und 21 Meter hoch, die Kamikaze-Wasserrutsche beginnt auf einer H\u00f6he von 12 Meter und garantiert fast 36 Meter lang das Erlebnis des Sausens.<\/p>\n","protected":false},"excerpt":{"rendered":"<p>Zalakaros ist eine Badestadt, die durch Verwendung des aufsprudelnden Thermalwassers als Ressource wirtschaftliche Kraft in der Region darstellt. Die im aufsprudelnden Wasser befindlichen Mineralstoffe erm\u00f6glichten den Ausbau des Thermalbades und gew\u00e4hrleisten den Betrieb. Der Weg zum Thermalsee f\u00fchrt auf dem Promenadenweg direkt vom D\u00edsz-Platz aus und die Besucher k\u00f6nnen bei einer kleineren Tour den See <a href=\"https:\/\/info.belenushotel.hu\/de\/programme\/thermalsee-und-oekoufer\/\" class=\"more-link\">&#8230;<\/a><\/p>\n","protected":false},"author":1,"featured_media":246,"parent":187,"menu_order":0,"comment_status":"closed","ping_status":"closed","template":"","meta":{"footnotes":""},"class_list":["post-245","page","type-page","status-publish","has-post-thumbnail","hentry"],"_links":{"self":[{"href":"https:\/\/info.belenushotel.hu\/de\/wp-json\/wp\/v2\/pages\/245","targetHints":{"allow":["GET"]}}],"collection":[{"href":"https:\/\/info.belenushotel.hu\/de\/wp-json\/wp\/v2\/pages"}],"about":[{"href":"https:\/\/info.belenushotel.hu\/de\/wp-json\/wp\/v2\/types\/page"}],"author":[{"embeddable":true,"href":"https:\/\/info.belenushotel.hu\/de\/wp-json\/wp\/v2\/users\/1"}],"replies":[{"embeddable":true,"href":"https:\/\/info.belenushotel.hu\/de\/wp-json\/wp\/v2\/comments?post=245"}],"version-history":[{"count":1,"href":"https:\/\/info.belenushotel.hu\/de\/wp-json\/wp\/v2\/pages\/245\/revisions"}],"predecessor-version":[{"id":247,"href":"https:\/\/info.belenushotel.hu\/de\/wp-json\/wp\/v2\/pages\/245\/revisions\/247"}],"up":[{"embeddable":true,"href":"https:\/\/info.belenushotel.hu\/de\/wp-json\/wp\/v2\/pages\/187"}],"wp:featuredmedia":[{"embeddable":true,"href":"https:\/\/info.belenushotel.hu\/de\/wp-json\/wp\/v2\/media\/246"}],"wp:attachment":[{"href":"https:\/\/info.belenushotel.hu\/de\/wp-json\/wp\/v2\/media?parent=245"}],"curies":[{"name":"wp","href":"https:\/\/api.w.org\/{rel}","templated":true}]}}