{"id":239,"date":"2021-04-29T11:05:38","date_gmt":"2021-04-29T11:05:38","guid":{"rendered":"https:\/\/info.belenushotel.hu\/?page_id=239"},"modified":"2021-04-29T11:05:38","modified_gmt":"2021-04-29T11:05:38","slug":"bueffelreservat-kapolnapuszta","status":"publish","type":"page","link":"https:\/\/info.belenushotel.hu\/de\/programme\/bueffelreservat-kapolnapuszta\/","title":{"rendered":"B\u00fcffelreservat, K\u00e1polnapuszta"},"content":{"rendered":"<h2>Ungarns gr\u00f6\u00dfte B\u00fcffelherde, Picknickplatz, Ausstellung, Wanderweg, Streichelzoo, Kutschfahrten.<\/h2>\n<p>Ungarns gr\u00f6\u00dfte B\u00fcffelherde lebt heute im B\u00fcffelreservat K\u00e1polnapuszta. Das Reservat spielt in der Erhaltung der in Ungarn heimischen B\u00fcffel eine wichtige Rolle und ist ein beliebtes Ausflugsziel, um die domestizierten Tiere aus der N\u00e4he zu betrachten. Eine Ausstellung zeigt die Flora und Fauna des Kis-Balatons und man kann die Geschichte der B\u00fcffelhaltung kennen lernen. Der Spazierweg mit Informationsschildern und die interaktive Ausstellung machen die Begegnung mit den B\u00fcffeln zu einem richtigen Erlebnis. Am Wanderweg befindet sich auch ein Fernglas, mit dessen Hilfe die einmalige Landschaft beobachtet werden kann. Rastpl\u00e4tze und ein Souvenirladen stehen den Besuchern ebenfalls zur Verf\u00fcgung.<\/p>\n","protected":false},"excerpt":{"rendered":"<p>Ungarns gr\u00f6\u00dfte B\u00fcffelherde, Picknickplatz, Ausstellung, Wanderweg, Streichelzoo, Kutschfahrten. Ungarns gr\u00f6\u00dfte B\u00fcffelherde lebt heute im B\u00fcffelreservat K\u00e1polnapuszta. Das Reservat spielt in der Erhaltung der in Ungarn heimischen B\u00fcffel eine wichtige Rolle und ist ein beliebtes Ausflugsziel, um die domestizierten Tiere aus der N\u00e4he zu betrachten. Eine Ausstellung zeigt die Flora und Fauna des Kis-Balatons und man <a href=\"https:\/\/info.belenushotel.hu\/de\/programme\/bueffelreservat-kapolnapuszta\/\" class=\"more-link\">&#8230;<\/a><\/p>\n","protected":false},"author":1,"featured_media":240,"parent":187,"menu_order":0,"comment_status":"closed","ping_status":"closed","template":"","meta":{"footnotes":""},"class_list":["post-239","page","type-page","status-publish","has-post-thumbnail","hentry"],"_links":{"self":[{"href":"https:\/\/info.belenushotel.hu\/de\/wp-json\/wp\/v2\/pages\/239","targetHints":{"allow":["GET"]}}],"collection":[{"href":"https:\/\/info.belenushotel.hu\/de\/wp-json\/wp\/v2\/pages"}],"about":[{"href":"https:\/\/info.belenushotel.hu\/de\/wp-json\/wp\/v2\/types\/page"}],"author":[{"embeddable":true,"href":"https:\/\/info.belenushotel.hu\/de\/wp-json\/wp\/v2\/users\/1"}],"replies":[{"embeddable":true,"href":"https:\/\/info.belenushotel.hu\/de\/wp-json\/wp\/v2\/comments?post=239"}],"version-history":[{"count":1,"href":"https:\/\/info.belenushotel.hu\/de\/wp-json\/wp\/v2\/pages\/239\/revisions"}],"predecessor-version":[{"id":241,"href":"https:\/\/info.belenushotel.hu\/de\/wp-json\/wp\/v2\/pages\/239\/revisions\/241"}],"up":[{"embeddable":true,"href":"https:\/\/info.belenushotel.hu\/de\/wp-json\/wp\/v2\/pages\/187"}],"wp:featuredmedia":[{"embeddable":true,"href":"https:\/\/info.belenushotel.hu\/de\/wp-json\/wp\/v2\/media\/240"}],"wp:attachment":[{"href":"https:\/\/info.belenushotel.hu\/de\/wp-json\/wp\/v2\/media?parent=239"}],"curies":[{"name":"wp","href":"https:\/\/api.w.org\/{rel}","templated":true}]}}