{"id":206,"date":"2021-04-27T06:38:11","date_gmt":"2021-04-27T06:38:11","guid":{"rendered":"https:\/\/info.belenushotel.hu\/?page_id=206"},"modified":"2021-04-27T06:38:11","modified_gmt":"2021-04-27T06:38:11","slug":"fernseher","status":"publish","type":"page","link":"https:\/\/info.belenushotel.hu\/de\/fernseher\/","title":{"rendered":"Fernseher"},"content":{"rendered":"<table class=\"table table-hover\">\n<tbody>\n<tr>\n<td>1.<\/td>\n<td style=\"text-align: right;\"><strong>M1<\/strong><\/td>\n<td>2.<\/td>\n<td style=\"text-align: right;\"><strong>M1 HD<\/strong><\/td>\n<\/tr>\n<tr>\n<td>3.<\/td>\n<td style=\"text-align: right;\"><strong>M2\/Pet\u0151fi<\/strong><\/td>\n<td>4.<\/td>\n<td style=\"text-align: right;\"><strong>M2 HD<\/strong><\/td>\n<\/tr>\n<tr>\n<td>5.<\/td>\n<td style=\"text-align: right;\"><strong>Duna TV<\/strong><\/td>\n<td>6.<\/td>\n<td style=\"text-align: right;\"><strong>Duna HD<\/strong><\/td>\n<\/tr>\n<tr>\n<td>7.<\/td>\n<td style=\"text-align: right;\"><strong>M4 Sport<\/strong><\/td>\n<td>8.<\/td>\n<td style=\"text-align: right;\"><strong>M4 Sport HD<\/strong><\/td>\n<\/tr>\n<tr>\n<td>9.<\/td>\n<td style=\"text-align: right;\"><strong>M5<\/strong><\/td>\n<td>10.<\/td>\n<td style=\"text-align: right;\"><strong>M5 HD<\/strong><\/td>\n<\/tr>\n<tr>\n<td>11.<\/td>\n<td style=\"text-align: right;\"><strong>Duna World TV<\/strong><\/td>\n<td>12.<\/td>\n<td style=\"text-align: right;\"><strong>Duna World HD<\/strong><\/td>\n<\/tr>\n<tr>\n<td>13.<\/td>\n<td style=\"text-align: right;\"><strong>RTL Klub<\/strong><\/td>\n<td>14.<\/td>\n<td style=\"text-align: right;\"><strong>RTL Klub HD<\/strong><\/td>\n<\/tr>\n<tr>\n<td>15.<\/td>\n<td style=\"text-align: right;\"><strong>TV2<\/strong><\/td>\n<td>16.<\/td>\n<td style=\"text-align: right;\"><strong>TV2 HD<\/strong><\/td>\n<\/tr>\n<tr>\n<td>17.<\/td>\n<td style=\"text-align: right;\"><strong>Cool TV<\/strong><\/td>\n<td>18.<\/td>\n<td style=\"text-align: right;\"><strong>Cool HD<\/strong><\/td>\n<\/tr>\n<tr>\n<td>19.<\/td>\n<td style=\"text-align: right;\"><strong>SuperTv2<\/strong><\/td>\n<td>20.<\/td>\n<td style=\"text-align: right;\"><strong>SuperTv2 HD<\/strong><\/td>\n<\/tr>\n<tr>\n<td>21.<\/td>\n<td style=\"text-align: right;\"><strong>RTL II TV<\/strong><\/td>\n<td>22.<\/td>\n<td style=\"text-align: right;\"><strong>RTL II HD<\/strong><\/td>\n<\/tr>\n<tr>\n<td>23.<\/td>\n<td style=\"text-align: right;\"><strong>Viasat 3<\/strong><\/td>\n<td>24.<\/td>\n<td style=\"text-align: right;\"><strong>Comedy Cental<\/strong><\/td>\n<\/tr>\n<tr>\n<td>25.<\/td>\n<td style=\"text-align: right;\"><strong>Comedy Cental HD<\/strong><\/td>\n<td>26.<\/td>\n<td style=\"text-align: right;\"><strong>H\u00edr TV<\/strong><\/td>\n<\/tr>\n<tr>\n<td>27.<\/td>\n<td style=\"text-align: right;\"><strong>ATV<\/strong><\/td>\n<td>28.<\/td>\n<td style=\"text-align: right;\"><strong>ATV HD<\/strong><\/td>\n<\/tr>\n<tr>\n<td>29.<\/td>\n<td style=\"text-align: right;\"><strong>Magyar sl\u00e1ger TV HD<\/strong><\/td>\n<td>30.<\/td>\n<td style=\"text-align: right;\"><strong>Film+<\/strong><\/td>\n<\/tr>\n<tr>\n<td>31.<\/td>\n<td style=\"text-align: right;\"><strong>Film+ HD<\/strong><\/td>\n<td>32.<\/td>\n<td style=\"text-align: right;\"><strong>Moziverzum<\/strong><\/td>\n<\/tr>\n<tr>\n<td>33.<\/td>\n<td style=\"text-align: right;\"><strong>Mozi+<\/strong><\/td>\n<td>34.<\/td>\n<td style=\"text-align: right;\"><strong>Amc HD<\/strong><\/td>\n<\/tr>\n<tr>\n<td>35.<\/td>\n<td style=\"text-align: right;\"><strong>Paramount channel<\/strong><\/td>\n<td>36.<\/td>\n<td style=\"text-align: right;\"><strong>Film Caf\u00e9<\/strong><\/td>\n<\/tr>\n<tr>\n<td>37.<\/td>\n<td style=\"text-align: right;\"><strong>Film4<\/strong><\/td>\n<td>38.<\/td>\n<td style=\"text-align: right;\"><strong>RTL Gold<\/strong><\/td>\n<\/tr>\n<tr>\n<td>39.<\/td>\n<td style=\"text-align: right;\"><strong>Film Now<\/strong><\/td>\n<td>40.<\/td>\n<td style=\"text-align: right;\"><strong>Prime<\/strong><\/td>\n<\/tr>\n<tr>\n<td>41.<\/td>\n<td style=\"text-align: right;\"><strong>Fem3<\/strong><\/td>\n<td>42.<\/td>\n<td style=\"text-align: right;\"><strong>Viasat 6<\/strong><\/td>\n<\/tr>\n<tr>\n<td>43.<\/td>\n<td style=\"text-align: right;\"><strong>Epic Drama HD<\/strong><\/td>\n<td>44.<\/td>\n<td style=\"text-align: right;\"><strong>Sorozat+<\/strong><\/td>\n<\/tr>\n<tr>\n<td>45.<\/td>\n<td style=\"text-align: right;\"><strong>TV2 Comedy<\/strong><\/td>\n<td>46.<\/td>\n<td style=\"text-align: right;\"><strong>RTL+<\/strong><\/td>\n<\/tr>\n<tr>\n<td>47.<\/td>\n<td style=\"text-align: right;\"><strong>RTL Spike<\/strong><\/td>\n<td>48.<\/td>\n<td style=\"text-align: right;\"><strong>AXN<\/strong><\/td>\n<\/tr>\n<tr>\n<td>49.<\/td>\n<td style=\"text-align: right;\"><strong>Sony Max<\/strong><\/td>\n<td>50.<\/td>\n<td style=\"text-align: right;\"><strong>Sony Movie Channel<\/strong><\/td>\n<\/tr>\n<tr>\n<td>51.<\/td>\n<td style=\"text-align: right;\"><strong>Jockey TV<\/strong><\/td>\n<td>52.<\/td>\n<td style=\"text-align: right;\"><strong>Izaura TV<\/strong><\/td>\n<\/tr>\n<tr>\n<td>53.<\/td>\n<td style=\"text-align: right;\"><strong>TV4<\/strong><\/td>\n<td>54.<\/td>\n<td style=\"text-align: right;\"><strong>Story 4<\/strong><\/td>\n<\/tr>\n<tr>\n<td>55.<\/td>\n<td style=\"text-align: right;\"><b>Galaxy 4<\/b><\/td>\n<td>56.<\/td>\n<td style=\"text-align: right;\"><strong>ATV Spirit<\/strong><\/td>\n<\/tr>\n<tr>\n<td>57.<\/td>\n<td style=\"text-align: right;\"><b>ATV Spirit HD<\/b><\/td>\n<td>58.<\/td>\n<td style=\"text-align: right;\"><strong>Digi Sport 1<\/strong><\/td>\n<\/tr>\n<tr>\n<td>59.<\/td>\n<td style=\"text-align: right;\"><strong>Digi Sport 1 HD<\/strong><\/td>\n<td>60.<\/td>\n<td style=\"text-align: right;\"><strong>Digi Sport 2<\/strong><\/td>\n<\/tr>\n<tr>\n<td>61.<\/td>\n<td style=\"text-align: right;\"><strong>Digi Sport 2 HD<\/strong><\/td>\n<td>62.<\/td>\n<td style=\"text-align: right;\"><strong>Digi Sport 3<\/strong><\/td>\n<\/tr>\n<tr>\n<td>63.<\/td>\n<td style=\"text-align: right;\"><strong>Digi Sport 3 HD<\/strong><\/td>\n<td>64.<\/td>\n<td style=\"text-align: right;\"><strong>Sport 1<\/strong><\/td>\n<\/tr>\n<tr>\n<td>65.<\/td>\n<td style=\"text-align: right;\"><strong>Sport 1 HD<\/strong><\/td>\n<td>66.<\/td>\n<td style=\"text-align: right;\"><strong>Sport 2<\/strong><\/td>\n<\/tr>\n<tr>\n<td>67.<\/td>\n<td style=\"text-align: right;\"><strong>Sport 2 HD<\/strong><\/td>\n<td>68.<\/td>\n<td style=\"text-align: right;\"><strong>Sp\u00edler 1 TV<\/strong><\/td>\n<\/tr>\n<tr>\n<td>69.<\/td>\n<td style=\"text-align: right;\"><strong>Sp\u00edler 1 TV HD<\/strong><\/td>\n<td>70.<\/td>\n<td style=\"text-align: right;\"><strong>Sp\u00edler 2 TV<\/strong><\/td>\n<\/tr>\n<tr>\n<td>71.<\/td>\n<td style=\"text-align: right;\"><strong>Sp\u00edler 2 TV HD<\/strong><\/td>\n<td>72.<\/td>\n<td style=\"text-align: right;\"><strong>Eurosport<\/strong><\/td>\n<\/tr>\n<tr>\n<td>73.<\/td>\n<td style=\"text-align: right;\"><strong>Eurosport HD<\/strong><\/td>\n<td>74.<\/td>\n<td style=\"text-align: right;\"><strong>Eurosport 2<\/strong><\/td>\n<\/tr>\n<tr>\n<td>75.<\/td>\n<td style=\"text-align: right;\"><strong>Eurosport 2 HD<\/strong><\/td>\n<td>76.<\/td>\n<td style=\"text-align: right;\"><strong>The Fishing &amp; Hunting<\/strong><\/td>\n<\/tr>\n<tr>\n<td>77.<\/td>\n<td style=\"text-align: right;\"><strong>The Fishing &amp; Hunting HD<\/strong><\/td>\n<td>78.<\/td>\n<td style=\"text-align: right;\"><strong>Digi Life HD<\/strong><\/td>\n<\/tr>\n<tr>\n<td>79.<\/td>\n<td style=\"text-align: right;\"><strong>Digi World HD<\/strong><\/td>\n<td>80.<\/td>\n<td style=\"text-align: right;\"><strong>Digi Animal World<\/strong><\/td>\n<\/tr>\n<tr>\n<td>81.<\/td>\n<td style=\"text-align: right;\"><strong>National Geographic<\/strong><\/td>\n<td>82.<\/td>\n<td style=\"text-align: right;\"><strong>National Geographic HD<\/strong><\/td>\n<\/tr>\n<tr>\n<td>83.<\/td>\n<td style=\"text-align: right;\"><strong>Nat Geo Wild<\/strong><\/td>\n<td>84.<\/td>\n<td style=\"text-align: right;\"><strong>Nat Geo Wild HD<\/strong><\/td>\n<\/tr>\n<tr>\n<td>85.<\/td>\n<td style=\"text-align: right;\"><strong>Discovery Channel<\/strong><\/td>\n<td>86.<\/td>\n<td style=\"text-align: right;\"><strong>TV Paprika<\/strong><\/td>\n<\/tr>\n<tr>\n<td>87.<\/td>\n<td style=\"text-align: right;\"><strong>TV2 S\u00e9f<\/strong><\/td>\n<td>88.<\/td>\n<td style=\"text-align: right;\"><strong>TLC<\/strong><\/td>\n<\/tr>\n<tr>\n<td>89.<\/td>\n<td style=\"text-align: right;\"><strong>Viasat Nature<\/strong><\/td>\n<td>90.<\/td>\n<td style=\"text-align: right;\"><strong>Viasat Nature HD<\/strong><\/td>\n<\/tr>\n<tr>\n<td>91.<\/td>\n<td style=\"text-align: right;\"><strong>Viasat History<\/strong><\/td>\n<td>92.<\/td>\n<td style=\"text-align: right;\"><strong>Viasat History HD<\/strong><\/td>\n<\/tr>\n<tr>\n<td>93.<\/td>\n<td style=\"text-align: right;\"><strong>Viasat Explore<\/strong><\/td>\n<td>94.<\/td>\n<td style=\"text-align: right;\"><strong>Spektrum<\/strong><\/td>\n<\/tr>\n<tr>\n<td>95.<\/td>\n<td style=\"text-align: right;\"><strong>Spektrum HD<\/strong><\/td>\n<td>96.<\/td>\n<td style=\"text-align: right;\"><strong>Spektrum Home +<\/strong><\/td>\n<\/tr>\n<tr>\n<td>97.<\/td>\n<td style=\"text-align: right;\"><strong>History HD<\/strong><\/td>\n<td>98.<\/td>\n<td style=\"text-align: right;\"><strong>Travel Channel<\/strong><\/td>\n<\/tr>\n<tr>\n<td>99.<\/td>\n<td style=\"text-align: right;\"><strong>CBS Reality<\/strong><\/td>\n<td>100.<\/td>\n<td style=\"text-align: right;\"><strong>BBC Earth<\/strong><\/td>\n<\/tr>\n<tr>\n<td>101.<\/td>\n<td style=\"text-align: right;\"><strong>Life TV<\/strong><\/td>\n<td>102.<\/td>\n<td style=\"text-align: right;\"><strong>HGTV<\/strong><\/td>\n<\/tr>\n<tr>\n<td>103.<\/td>\n<td style=\"text-align: right;\"><strong>Da Vinci<\/strong><\/td>\n<td>104.<\/td>\n<td style=\"text-align: right;\"><strong>Nickelodeon<\/strong><\/td>\n<\/tr>\n<tr>\n<td>105.<\/td>\n<td style=\"text-align: right;\"><strong>Nicktoons<\/strong><\/td>\n<td>106.<\/td>\n<td style=\"text-align: right;\"><strong>Minimax<\/strong><\/td>\n<\/tr>\n<tr>\n<td>107.<\/td>\n<td style=\"text-align: right;\"><strong>Disney Channel<\/strong><\/td>\n<td>108.<\/td>\n<td style=\"text-align: right;\"><strong>TV2 Kids<\/strong><\/td>\n<\/tr>\n<tr>\n<td>109.<\/td>\n<td style=\"text-align: right;\"><strong>Cartoon Network<\/strong><\/td>\n<td>110.<\/td>\n<td style=\"text-align: right;\"><strong>Boomerang<\/strong><\/td>\n<\/tr>\n<tr>\n<td>111.<\/td>\n<td style=\"text-align: right;\"><strong>JimJam<\/strong><\/td>\n<td>112.<\/td>\n<td style=\"text-align: right;\"><strong>Nick Jr.<\/strong><\/td>\n<\/tr>\n<tr>\n<td>113.<\/td>\n<td style=\"text-align: right;\"><strong>Duck TV<\/strong><\/td>\n<td>114.<\/td>\n<td style=\"text-align: right;\"><strong>Music Channel HD<\/strong><\/td>\n<\/tr>\n<tr>\n<td>115.<\/td>\n<td style=\"text-align: right;\"><strong>Hit music<\/strong><\/td>\n<td>116.<\/td>\n<td style=\"text-align: right;\"><strong>MTV Hungary<\/strong><\/td>\n<\/tr>\n<tr>\n<td>117.<\/td>\n<td style=\"text-align: right;\"><strong>VH1 Europe<\/strong><\/td>\n<td>118.<\/td>\n<td style=\"text-align: right;\"><strong>Dikh TV<\/strong><\/td>\n<\/tr>\n<tr>\n<td>119.<\/td>\n<td style=\"text-align: right;\"><strong>Dikh TV HD<\/strong><\/td>\n<td>120.<\/td>\n<td style=\"text-align: right;\"><strong>Muzsika TV<\/strong><\/td>\n<\/tr>\n<tr>\n<td>121.<\/td>\n<td style=\"text-align: right;\"><strong>Zenebutik<\/strong><\/td>\n<td>122.<\/td>\n<td style=\"text-align: right;\"><strong>Mezzo<\/strong><\/td>\n<\/tr>\n<tr>\n<td>123.<\/td>\n<td style=\"text-align: right;\"><strong>Sky News<\/strong><\/td>\n<td>124.<\/td>\n<td style=\"text-align: right;\"><strong>Bloomberg TV<\/strong><\/td>\n<\/tr>\n<tr>\n<td>125.<\/td>\n<td style=\"text-align: right;\"><strong>CNN<\/strong><\/td>\n<td>126.<\/td>\n<td style=\"text-align: right;\"><strong>Deutsche Welle<\/strong><\/td>\n<\/tr>\n<tr>\n<td>127.<\/td>\n<td style=\"text-align: right;\"><strong>RTL<\/strong><\/td>\n<td>128.<\/td>\n<td style=\"text-align: right;\"><strong>SAT.1<\/strong><\/td>\n<\/tr>\n<tr>\n<td>129.<\/td>\n<td style=\"text-align: right;\"><strong>ProSieben<\/strong><\/td>\n<td>130.<\/td>\n<td style=\"text-align: right;\"><strong>TVE<\/strong><\/td>\n<\/tr>\n<tr>\n<td>131.<\/td>\n<td style=\"text-align: right;\"><strong>Rai 1<\/strong><\/td>\n<td>132.<\/td>\n<td style=\"text-align: right;\"><strong>ProTV International<\/strong><\/td>\n<\/tr>\n<tr>\n<td>133.<\/td>\n<td style=\"text-align: right;\"><strong>CCTV3<\/strong><\/td>\n<td>134.<\/td>\n<td style=\"text-align: right;\"><strong>SuperONE SD<\/strong><\/td>\n<\/tr>\n<tr>\n<td>135.<\/td>\n<td style=\"text-align: right;\"><strong>SuperONE HD<\/strong><\/td>\n<td>136.<\/td>\n<td style=\"text-align: right;\"><strong>d1 TV<\/strong><\/td>\n<\/tr>\n<tr>\n<td>137.<\/td>\n<td style=\"text-align: right;\"><strong>Pax<\/strong><\/td>\n<td>138.<\/td>\n<td style=\"text-align: right;\"><strong>Hatoscsatorna<\/strong><\/td>\n<\/tr>\n<tr>\n<td>139.<\/td>\n<td style=\"text-align: right;\"><strong>Fix TV<\/strong><\/td>\n<td>140.<\/td>\n<td style=\"text-align: right;\"><strong>Kanizsa TV<\/strong><\/td>\n<\/tr>\n<tr>\n<td>141.<\/td>\n<td style=\"text-align: right;\"><strong>HRT1<\/strong><\/td>\n<td>142.<\/td>\n<td style=\"text-align: right;\"><strong>Kossuth R\u00e1di\u00f3<\/strong><\/td>\n<\/tr>\n<tr>\n<td>143.<\/td>\n<td style=\"text-align: right;\"><strong>Pet\u0151fi R\u00e1di\u00f3<\/strong><\/td>\n<td>144.<\/td>\n<td style=\"text-align: right;\"><strong>Bart\u00f3k R\u00e1di\u00f3<\/strong><\/td>\n<\/tr>\n<tr>\n<td>145.<\/td>\n<td style=\"text-align: right;\"><strong>Dank\u00f3 R\u00e1di\u00f3<\/strong><\/td>\n<td>146.<\/td>\n<td style=\"text-align: right;\"><strong>HBO<\/strong><\/td>\n<\/tr>\n<tr>\n<td>147.<\/td>\n<td style=\"text-align: right;\"><strong>HBO HD<\/strong><\/td>\n<td>148.<\/td>\n<td style=\"text-align: right;\"><strong>HBO 2<\/strong><\/td>\n<\/tr>\n<tr>\n<td>149.<\/td>\n<td style=\"text-align: right;\"><strong>HBO 2 HD<\/strong><\/td>\n<td>150.<\/td>\n<td style=\"text-align: right;\"><strong>HBO 3<\/strong><\/td>\n<\/tr>\n<tr>\n<td>151.<\/td>\n<td style=\"text-align: right;\"><strong>HBO 3 HD<\/strong><\/td>\n<td>152.<\/td>\n<td style=\"text-align: right;\"><strong>Cinemax<\/strong><\/td>\n<\/tr>\n<tr>\n<td>153.<\/td>\n<td style=\"text-align: right;\"><strong>Cinemax HD<\/strong><\/td>\n<td>154.<\/td>\n<td style=\"text-align: right;\"><strong>Cinemax 2<\/strong><\/td>\n<\/tr>\n<tr>\n<td>155.<\/td>\n<td style=\"text-align: right;\"><strong>Cinemax 2 HD<\/strong><\/td>\n<td>156.<\/td>\n<td style=\"text-align: right;\"><strong>Digi Info<\/strong><\/td>\n<\/tr>\n<\/tbody>\n<\/table>\n","protected":false},"excerpt":{"rendered":"<p>1. M1 2. M1 HD 3. M2\/Pet\u0151fi 4. M2 HD 5. Duna TV 6. Duna HD 7. M4 Sport 8. M4 Sport HD 9. M5 10. M5 HD 11. Duna World TV 12. Duna World HD 13. RTL Klub 14. RTL Klub HD 15. TV2 16. TV2 HD 17. Cool TV 18. Cool HD 19. <a href=\"https:\/\/info.belenushotel.hu\/de\/fernseher\/\" class=\"more-link\">&#8230;<\/a><\/p>\n","protected":false},"author":1,"featured_media":0,"parent":0,"menu_order":0,"comment_status":"closed","ping_status":"closed","template":"","meta":{"footnotes":""},"class_list":["post-206","page","type-page","status-publish","hentry"],"_links":{"self":[{"href":"https:\/\/info.belenushotel.hu\/de\/wp-json\/wp\/v2\/pages\/206","targetHints":{"allow":["GET"]}}],"collection":[{"href":"https:\/\/info.belenushotel.hu\/de\/wp-json\/wp\/v2\/pages"}],"about":[{"href":"https:\/\/info.belenushotel.hu\/de\/wp-json\/wp\/v2\/types\/page"}],"author":[{"embeddable":true,"href":"https:\/\/info.belenushotel.hu\/de\/wp-json\/wp\/v2\/users\/1"}],"replies":[{"embeddable":true,"href":"https:\/\/info.belenushotel.hu\/de\/wp-json\/wp\/v2\/comments?post=206"}],"version-history":[{"count":1,"href":"https:\/\/info.belenushotel.hu\/de\/wp-json\/wp\/v2\/pages\/206\/revisions"}],"predecessor-version":[{"id":207,"href":"https:\/\/info.belenushotel.hu\/de\/wp-json\/wp\/v2\/pages\/206\/revisions\/207"}],"wp:attachment":[{"href":"https:\/\/info.belenushotel.hu\/de\/wp-json\/wp\/v2\/media?parent=206"}],"curies":[{"name":"wp","href":"https:\/\/api.w.org\/{rel}","templated":true}]}}