{"id":202,"date":"2021-04-27T06:36:53","date_gmt":"2021-04-27T06:36:53","guid":{"rendered":"https:\/\/info.belenushotel.hu\/?page_id=202"},"modified":"2025-08-27T11:31:33","modified_gmt":"2025-08-27T11:31:33","slug":"wellness","status":"publish","type":"page","link":"https:\/\/info.belenushotel.hu\/de\/wellness\/","title":{"rendered":"Wellness"},"content":{"rendered":"<p>Unsere neue Wellness-Abteilung nach der Wiederer\u00f6ffnung des Hotels am 22.12.2012 in Betrieb gesetzt wurde. Die zuvor 300 m2 Wellnessfl\u00e4che mit weiteren 180 m2 Oberfl\u00e4che erweitert ist, aus dem das Wasser-Oberfl\u00e4che 162 m2. Die Becken sind mit Thermalwasser gef\u00fcllt, das Hallenbad hat eine konstante Temperatur, das Freibad Wassertemperatur abh\u00e4ngig von den Wetterbedingungen.<\/p>\n<p>Unser Spa-Wellness jeden Tag in der Zeit von 8-21 steht unseren G\u00e4sten zur Verf\u00fcgung.<\/p>\n<h2>Dienste, die im Zimmerpreis inbegriffen sind:<\/h2>\n<ul>\n<li>Schwimmbecken \u2013 Freibad,<br \/>\n(15\u00d78 m, 120 cm Wassertiefe, variable Temperatur)<\/li>\n<li>Mehrzweck-Hallenbad mit verschiedenen Attraktionen,<br \/>\n(42 m2 Wasseroberfl\u00e4che, 90 cm Wassertiefe, Temperatur 35 \u00b0C)<\/li>\n<li>Finnische Sauna und Infrarot-Sauna,<\/li>\n<li>Dampfbad mit Aromatherapie,<\/li>\n<li>verschiedene tropische Duschen,<\/li>\n<li>Beheizte Ruheb\u00e4nke und Kneipp Bank,<\/li>\n<li>Sonnenterrasse,<\/li>\n<li>Saunat\u00fccher (beim Wechseln gegen Geb\u00fchr),<\/li>\n<li>Zimmersafe,<\/li>\n<li>Tennisplatz f\u00fcr Hotelg\u00e4ste<\/li>\n<li>Ruheinseln<\/li>\n<\/ul>\n<h2>Sonstiges Leistungen:<\/h2>\n<table class=\"table table-hover\">\n<tbody>\n<tr>\n<td>Fahrradverleih:<\/td>\n<td style=\"text-align: right;\">1 000 HUF \/St\u00fcck\/Stunde<\/td>\n<\/tr>\n<tr>\n<td>E-Scooter:<\/td>\n<td style=\"text-align: right;\">4 500 HUF \/St\u00fcck\/Stunde<\/td>\n<\/tr>\n<tr>\n<td>Bademantelverleih\/-tausch:<\/td>\n<td style=\"text-align: right;\">1 000 HUF \/St\u00fcck\/Anlass<\/td>\n<\/tr>\n<tr>\n<td>Tennisplatz f\u00fcr Hotelg\u00e4ste:<\/td>\n<td style=\"text-align: right;\">Kostenlos<\/td>\n<\/tr>\n<tr>\n<td>Tennisplatz f\u00fcr externe G\u00e4ste:<\/td>\n<td style=\"text-align: right;\">6 000 HUF \/Stunde<\/td>\n<\/tr>\n<\/tbody>\n<\/table>\n<p>&nbsp;<\/p>\n","protected":false},"excerpt":{"rendered":"<p>Unsere neue Wellness-Abteilung nach der Wiederer\u00f6ffnung des Hotels am 22.12.2012 in Betrieb gesetzt wurde. Die zuvor 300 m2 Wellnessfl\u00e4che mit weiteren 180 m2 Oberfl\u00e4che erweitert ist, aus dem das Wasser-Oberfl\u00e4che 162 m2. Die Becken sind mit Thermalwasser gef\u00fcllt, das Hallenbad hat eine konstante Temperatur, das Freibad Wassertemperatur abh\u00e4ngig von den Wetterbedingungen. Unser Spa-Wellness jeden Tag <a href=\"https:\/\/info.belenushotel.hu\/de\/wellness\/\" class=\"more-link\">&#8230;<\/a><\/p>\n","protected":false},"author":1,"featured_media":0,"parent":0,"menu_order":0,"comment_status":"closed","ping_status":"closed","template":"","meta":{"footnotes":""},"class_list":["post-202","page","type-page","status-publish","hentry"],"_links":{"self":[{"href":"https:\/\/info.belenushotel.hu\/de\/wp-json\/wp\/v2\/pages\/202","targetHints":{"allow":["GET"]}}],"collection":[{"href":"https:\/\/info.belenushotel.hu\/de\/wp-json\/wp\/v2\/pages"}],"about":[{"href":"https:\/\/info.belenushotel.hu\/de\/wp-json\/wp\/v2\/types\/page"}],"author":[{"embeddable":true,"href":"https:\/\/info.belenushotel.hu\/de\/wp-json\/wp\/v2\/users\/1"}],"replies":[{"embeddable":true,"href":"https:\/\/info.belenushotel.hu\/de\/wp-json\/wp\/v2\/comments?post=202"}],"version-history":[{"count":19,"href":"https:\/\/info.belenushotel.hu\/de\/wp-json\/wp\/v2\/pages\/202\/revisions"}],"predecessor-version":[{"id":668,"href":"https:\/\/info.belenushotel.hu\/de\/wp-json\/wp\/v2\/pages\/202\/revisions\/668"}],"wp:attachment":[{"href":"https:\/\/info.belenushotel.hu\/de\/wp-json\/wp\/v2\/media?parent=202"}],"curies":[{"name":"wp","href":"https:\/\/api.w.org\/{rel}","templated":true}]}}