{"id":198,"date":"2021-04-27T06:28:00","date_gmt":"2021-04-27T06:28:00","guid":{"rendered":"https:\/\/info.belenushotel.hu\/?page_id=198"},"modified":"2026-03-16T10:44:38","modified_gmt":"2026-03-16T10:44:38","slug":"hotel-a-z","status":"publish","type":"page","link":"https:\/\/info.belenushotel.hu\/de\/hotel-a-z\/","title":{"rendered":"Hotel A-Z"},"content":{"rendered":"<h2>A &#8218;la carte Restaurant<\/h2>\n<p>In unserem Restaurant k\u00f6nnen Sie 12:00 &#8211; 20:45 Uhr wunschgem\u00e4\u00df aus der Speisekarte bestellen. Wir haben Spezialangebote f\u00fcr Kinder und auf Wunsch nach vorheriger Absprache k\u00f6nnen wir Ihnen Di\u00e4t- sowie glutenfreie und laktosefreie Speisen<br \/>\nvorbereiten.<\/p>\n<h2>Abendessen<\/h2>\n<p>17:45 &#8211; 20:45<\/p>\n<h2>Abreise<\/h2>\n<p>Wir bitten Sie das Zimmer am Abreisetag bis 10 Uhr zu verlasssen.<\/p>\n<h2>Angeln<\/h2>\n<p>Angeln ist an den daf\u00fcr vorgesehenen Orten des nahe gelegenen Klein-Balaton erlaubt, Tageskarten sind vor Ort erh\u00e4ltlich.<\/p>\n<h2>Anreise, Abreise<\/h2>\n<ul>\n<li>check-in ab 2:00 p.m.<\/li>\n<li>check-out bis 10:00 a.m.<\/li>\n<\/ul>\n<h2>Ansichtskarte<\/h2>\n<p>Ansichtskarte mit Hotellogo und Fotos \u00fcber dem Hotel sind an der Rezeption erh\u00e4ltlich.<\/p>\n<h2>Apotheke<\/h2>\n<p>Die Apotheke befindet sich im Ortsgebiet, \u00fcber die genaue Adresse und \u00fcber die \u00d6ffnungszeiten informieren Sie sich bitte an der Rezeption.<\/p>\n<h2>Arzt<\/h2>\n<p>An Werktagen w\u00e4hrend der Ordinationszeiten werden die Patienten in der Ordination, am Wochenende bei dem \u00e4rztlichen Notdienst (Zalakaros, Jegenye sor 1.) behandelt.<\/p>\n<h2 id=\"aufbewahrung\">Aufbewahrung von Wertgegenst\u00e4nden<\/h2>\n<p>lle Zimmer sind mit einem kostenlosen Safe ausgestattet. Der Code ist an der Rezeption erh\u00e4ltlich.<\/p>\n<h2>Autoabstellpl\u00e4tze<\/h2>\n<p>F\u00fcr unsere G\u00e4ste stehen markierte, video\u00fcberwachte, geschlossene Parkpl\u00e4tze vor dem Hotel zur Verf\u00fcgung. Die Parkgeb\u00fchren finden Sie in der Liste der Servicegeb\u00fchren.<\/p>\n<h2>Baby-Service<\/h2>\n<p>Babybett, Baby-Hochstuhl, Babybadewanne, Kinder-Toilettensitz, Nasensauger stehen auf Anfrage zur Verf\u00fcgung.<\/p>\n<h2>Bank, Bankomat<\/h2>\n<p>Informationen \u00fcber genaue Adressen k\u00f6nnen Sie an der Rezeption einholen.<\/p>\n<h2>Bar<\/h2>\n<p>Unser Lobby-Bar in der Lounge ist 07:00 &#8211; 22:00 Uhr ge\u00f6ffnet. Auf Anfrage steht Ihnen auch Zimmerservice zur Verf\u00fcgung.<\/p>\n<h2>Behebung von technischen Fehlern<\/h2>\n<p>Technische Problemen, Schaden bitte sofort an der Rezeption melden, damit die Reparatur, Behebung schnellst m\u00f6glich veranlasst werden kann.<\/p>\n<h2>Bemerkungen, Vorschl\u00e4ge<\/h2>\n<p>Mit Ihren Bemerkungen, Vorschl\u00e4gen wenden Sie sich bitte an unsere Mitarbeiter. Ihre Bemerkungen k\u00f6nnen Sie auch schriftlich an uns mit Hilfe des Fragebogens weiterleiten, welcher in jedem Zimmer vorliegt.<\/p>\n<h2>Blumen<\/h2>\n<p>Bei Bedarf wenden Sie sich bitte an unsere Kollegen an der Rezeption.<\/p>\n<h2>Brand<\/h2>\n<p>Im Brandfall beachten Sie bitte die im Zimmer aufgeh\u00e4ngte Brandschutzordnung und informieren Sie umgehend die Rezeption.<\/p>\n<h2>Brettspiele, Kartenspiele<\/h2>\n<p>Erh\u00e4ltlich kostenlos an der Rezeption.<\/p>\n<h2>Decke<\/h2>\n<p>Bei Bedarf finden Sie im Schrank eine Reservedecke.<\/p>\n<h2>Di\u00e4tmen\u00fc, Lebensmittelallergie<\/h2>\n<p>Sollte das Buffetangebot keine geeigneten Optionen f\u00fcr spezielle oder allergenfreie Di\u00e4ten enthalten, bereiten unsere K\u00f6che nach vorheriger Absprache gegen eine zus\u00e4tzliche Geb\u00fchr von 2.000 HUF ein entsprechendes Gericht aus dem Buffetangebot f\u00fcr Sie zu.<\/p>\n<h2>Dienstleistungen gegen Geb\u00fchr<\/h2>\n<p>Eine Liste der Dienstleistungen, die gegen Geb\u00fchr verf\u00fcgbar sind, finden Sie in der separaten Preisliste am Ende der Informationsbrosch\u00fcre. Diese Dienstleistungen k\u00f6nnen an der Rezeption angefragt werden.<\/p>\n<h2>Elektroauto-Ladestation<\/h2>\n<p>Umweltbewusstsein ist f\u00fcr uns von gr\u00f6\u00dfter Bedeutung, daher haben wir auf dem Parkplatz unseres Hotels eine Ladestation f\u00fcr Elektroautos eingerichtet. F\u00fcr G\u00e4ste, die mit einem Elektrofahrzeug anreisen, bieten wir bei einem Aufenthalt von mindestens zwei N\u00e4chten und bei Nutzung des hoteleigenen Parkplatzes einmalig eine kostenlose Ladung zwischen 7:00 und 19:00 Uhr\u00a0<strong>(f\u00fcr eine maximale Dauer von 4 Stunden, jedoch sp\u00e4testens bis zum Sonnenuntergang)<\/strong>\u00a0an, nach vorheriger Absprache und je\u00a0<strong>nach verf\u00fcgbarer Kapazit\u00e4t<\/strong>\u00a0an der Hotelrezeption.<\/p>\n<h2>Erste Hilfe<\/h2>\n<p>Kleinere Verletzungen k\u00f6nnen an der Rezeption versorgt werden, der Erste-Hilfe-Kasten ist auch dort zu finden.<\/p>\n<h2>Fahrrad, Elektroroller Verleih<\/h2>\n<p>F\u00fcr unsere G\u00e4ste, die Ihren Urlaub aktiv verbringen m\u00f6chten bzw. gerne Ausfl\u00fcge machen, bieten wir Leihr\u00e4der und Elektroroller an. Auf Wunsch k\u00f6nnen wir kurze (im Ortsgebiet) oder l\u00e4ngere (Klein-Balaton Rundweg) Radwege empfehlen.<\/p>\n<h2>Fernseher<\/h2>\n<p>Im Zimmer k\u00f6nnen vorprogramierte Sender empfangen werden. \u00dcber das Angebot sowie \u00fcber die Zuteilung der Fernsehkan\u00e4le erhalten Sie Information an der Rezeption.<\/p>\n<h2>Fr\u00fchst\u00fcck<\/h2>\n<p>07:30 &#8211; 11:00<\/p>\n<h2>Fundgrube<\/h2>\n<p>Verlorene Gegenst\u00e4nde werden 3 Monaten lang in Evidenz gehalten und aufbewahrt, nachher werden die ausgeschieden.<\/p>\n<h2>Gep\u00e4ckaufbewahrung<\/h2>\n<p>Im Gep\u00e4ckraum hinter der Rezeption k\u00f6nnen wir vor\u00fcbergehend Ihr Gep\u00e4ck in Sicherheit<br \/>\nlagern.<\/p>\n<h2>Gep\u00e4ckbef\u00f6rderung<\/h2>\n<p>F\u00fcr den Transport von schwereren Gep\u00e4ckst\u00fccken k\u00f6nnen Sie von unseren Mitarbeiter an der Rezeption hilfe holen.<\/p>\n<h2>Haartrockner<\/h2>\n<p>Im Badezimmer finden Sie einen Wandhaartrockner, dieser ist mit SicherheitsTastschalter zu bedienen.<\/p>\n<h2>Handt\u00fccher im Badezimmer<\/h2>\n<p>Bei der Anreise finden Sie die Handt\u00fccher im Badezimer.Bitte diese weder im Wellnessbereich noch im Freien zu benutzen! Ein Saunatuch pro Person ist an der Rezeption kostenlos erh\u00e4ltlich.<\/p>\n<h2>Hausordnung, Etikette<\/h2>\n<p>Wir bitten unsere G\u00e4ste mitgebrachte Lebensmittel und Getr\u00e4nke nicht ins Hotel mitzunehmen und zu konsumieren. Die Relaxliegen im Wellnessbereich sollen nur w\u00e4hrend des tats\u00e4chlichen Aufenthaltes und Benutzung belegt werden, bitte bereiten Sie keine Unannehmlichkeiten anderen G\u00e4sten durch unn\u00f6tige Reservierung. In den inneren Gesellschaftsr\u00e4umen des Hotels ist das Rauchen verboten, daf\u00fcr vorgesehene Orte sind die Zimmerterrassen, die \u00e4u\u00dfere Terrasse des Restaurantes sowie die Raucherzone neben dem Haupteingang. Wir bitten Sie zur Mahlzeiten zum Anlass und zum Umfeld passende Bekleidung zu tragen. Eltern haften f\u00fcr Ihre Kinder.<\/p>\n<h2 id=\"klima\">Heizung, Klima<\/h2>\n<p>Die Gesellschaftsr\u00e4ume im Hotel werden zentral beheizt und klimatisiert. Mit Hilfe der Einzelger\u00e4ten in den Zimmern kann das Zimmertemperatur wunschgem\u00e4\u00df reguliert werden, Benutzung gegen Aufpreis m\u00f6glich.<\/p>\n<h2>Hygieneartikel<\/h2>\n<p>Einige K\u00f6rperpflegeprodukte sind im begrenzten Auswahl an der Rezeption erh\u00e4ltlich, Preisliste finden Sie am Ende der Informationsbrosch\u00fcre.<\/p>\n<h2>Internet<\/h2>\n<p>Wifi-Verbindung ist im ganzen Hotelareal kostenlos erreichbar, Passwort f\u00fcr unsere G\u00e4ste: belenus99<\/p>\n<h2>Kissen, kleine Kissen<\/h2>\n<p>Kissen k\u00f6nnen Sie vorab oder vor Ort kostenlos anfordern.<\/p>\n<h2>Kleideretikette<\/h2>\n<p>Wir bitten unsere G\u00e4ste, zu den Mahlzeiten im Rahmen der Halbpension gem\u00e4\u00df auch der von uns erwarteten Kleiderordnung im Hotelrestaurant zu erscheinen und sich und ihre Mitg\u00e4ste zu ehren.<\/p>\n<p>Mit den von uns verwendeten Beschreibungen meinen wir Folgendes:<\/p>\n<p><strong>Casual &#8211; Alltagskleidung<\/strong>: l\u00e4ssige, sportliche Kleidung. Stra\u00dfenschuhe oder Sandalen, elegante Shorts \/ R\u00f6cke, oder Jeans mit T-Shirts, oder Hemden\/Bluse mit ungeschnittenen Oberteilen.<\/p>\n<p><strong>Smart Casual &#8211; Elegant<\/strong>: sportlich-elegante Kleidung. Stra\u00dfenschuhe oder Sandalen, lange Hosen \/ Jeans oder R\u00f6cke, T-Shirts oder Hemden\/Bluse mit ungeschnittenen Oberteile.<\/p>\n<h2>Klimatisierung<\/h2>\n<p>Siehe Punkt &#8222;<a href=\"#klima\">Heizung, Klima<\/a>&#8220;<\/p>\n<h2>Konferenz<\/h2>\n<p>In unserem Konferenzraum k\u00f6nnen wir 60 G\u00e4ste empfangen. Hier k\u00f6nnen Meetings, Produktvorf\u00fchrungen oder &#8222;Tag der offenen T\u00fcren&#8220; organisiert werden. Bei Bedarf k\u00f6nnen wir Ihnen Projektor, Leinwand und weitere technische Tools zur Verf\u00fcgung stellen.<\/p>\n<h2>Kopieren, Fax, Drucken<\/h2>\n<p>Diese Dienstleistungen sind gegen Aufpreis an der Rezeption erreichbar.<\/p>\n<h2>Kreditkarte<\/h2>\n<p>Siehe Punkt &#8222;<a href=\"#zahlungsmoglichkeiten\">Zahlungsm\u00f6glichkeiten<\/a>&#8220;<\/p>\n<h2>Lebensmittelallergie<\/h2>\n<p>Auf dem Buffettisch sind neben jedem Gericht die Allergene angegeben. Spezialmen\u00fc ist gegen Aufpreis verf\u00fcgbar.<\/p>\n<h2 id=\"manikure\">Manik\u00fcre, Pedik\u00fcre, Sch\u00f6nheit<\/h2>\n<p>Manik\u00fcre und Pedik\u00fcre k\u00f6nnen Sie gegen Geb\u00fchr in Anspruch nehmen. Neben den Basisdienstleistungen k\u00f6nnen Sie Nagelneumodellage oder kozmetische Leistungen bestellen, Terminvereinbarung an der Rezeption.<\/p>\n<h2>Massage<\/h2>\n<p>\u00dcber unser Massageangebot finden Sie ein Informationsblatt in Ihrem Zimmer, Terminvereinbarung an der Rezeption.<\/p>\n<h2>Medikamente<\/h2>\n<p>Zur Linderung der h\u00e4ufigsten akuten Problemen sind Medikamente in begrenzter Auswahl an der Rezeption erh\u00e4ltlich.<\/p>\n<h2>Minibar<\/h2>\n<p>Die Auflistung des Minibarangebotes und den Preis der einzelnen Getr\u00e4nken finden Sie in der Preisliste in Ihrem Zimmer. Nach der Zimmer\u00fcbernahme bitten wir Sie den Inhalt der Minibar auf Vollst\u00e4ndigkeit zu pr\u00fcfen. Die Minibar wird t\u00e4glich nachgef\u00fcllt, das Zimmerkonto wird automatisch mit der Konsumation belastet. Bitte den Verzehr des letzten Tages bei der Abreise an der Rezeption melden.<\/p>\n<h2>Mittagessen<\/h2>\n<p>Wenn Sie Ihren Aufenthalt mit Vollpension gebucht haben, k\u00f6nnen Sie das Mittagessen zwischen 13.00 und 15.00 Uhr vom Buffettisch oder aus der Speisekarte ausw\u00e4hlen.<\/p>\n<h2>\u00d6ffnungszeiten<\/h2>\n<ul>\n<li>Hotel : 00-24<\/li>\n<li>Restaurant: 07:30-21:00<\/li>\n<li>Rezeption: 00-24<\/li>\n<li>A&#8217;la carte Bestellung: 12:00-20:45<\/li>\n<li>Wellnessbereich: 08-21<\/li>\n<li>Lobby-Bar: 7:00-22:00 (Freitag, Samstag: 07:00-23:00)<\/li>\n<\/ul>\n<h2>Parkpl\u00e4tze<\/h2>\n<p>F\u00fcr unsere G\u00e4ste stehen vor dem Hotel markierte Parkpl\u00e4tze zur Verf\u00fcgung.<\/p>\n<h2>Pedik\u00fcre<\/h2>\n<p>siehe Punkt &#8222;<a href=\"#manikure\">Manik\u00fcre<\/a>&#8220;<\/p>\n<h2>Programme<\/h2>\n<p>\u00dcber die aktuell buchbaren Programme k\u00f6nnen Sie sich von unseren Kollegen an der Rezeption und aus den Informationsbrosch\u00fcren im Lobby informieren.<\/p>\n<h2>Rasierer<\/h2>\n<p>Einwegrasierer und Rasierschaum stehen gegen Geb\u00fcr an der Rezeption zur Verf\u00fcgung.<\/p>\n<h2>Rauchen<\/h2>\n<p>In den Hotezimmern und in den inneren Gesellschaftsr\u00e4umen des Hotels herrscht Rauchverbot. Rauchen ist in den daf\u00fcr vorgesehenen Raucherzonen sowie auf den Zimmerterrassen erlaubt. Die Reinigungskosten wegen Nichteinhalten von Rauchverbot im Zimmer sind wir gezwungen den zuwiederhandelnden G\u00e4ste in Rechnung zu stellen.<\/p>\n<h2>Reinigung<\/h2>\n<p>Wenn Sie tags\u00fcber bei Ihrer Erholung von unserem Personal nicht gest\u00f6rt werden m\u00f6chten, bitten wir Sie den Schild &#8222;Bitte nicht st\u00f6ren&#8220; drau\u00dfen auf den T\u00fcrgriff zu h\u00e4ngen.<\/p>\n<h2>Sauna<\/h2>\n<p>Die Finnsauna, die Infrarot-Kabine und das Dampfbad stehen im Wellnessbereich kostenlos zur Verf\u00fcgung und k\u00f6nnen von den G\u00e4sten bedient werden. Unsere Empfehlungen zur richtigen Benutzung der Saunen und Becken sind im Informationsblatt im Wellnessbereich zu lesen.<\/p>\n<h2>Saunat\u00fccher<\/h2>\n<p>Ein Saunatuch pro Person ist an der Rezeption kostenlos erh\u00e4ltlich. Bei Ihrer Abreise bitte die benutzten Saunabetten im Zimmer lassen.<\/p>\n<h2>Schuhe putzen<\/h2>\n<p>Vor dem Eingang im Windfang steht ein Schuhputzautomat zur Verf\u00fcgung. Servicegeb\u00fchr Der Preis beinhaltet schon 12% Servicegeb\u00fchr von vollpension Mahlzeiten.<\/p>\n<h2>Sonnen- und Relaxliegen, Relaxinseln<\/h2>\n<p>Ihre Nutzung ist kostenlos.<\/p>\n<h2>Spielzeug<\/h2>\n<p>Hinter der Rezeption steht eine Spielecke zur Verf\u00fcgung, im Freien k\u00f6nnen die Kinder auf dem gut ausger\u00fcsteten Spielplatz den Urlaub genie\u00dfen.<\/p>\n<h2>Tankstelle<\/h2>\n<p>\u00dcber die Tankstellen in der N\u00e4he bekommen Sie Auskunft an der Rezeption.<\/p>\n<h2>Taxi<\/h2>\n<h2>Bei Bedarf bitten Sie um Hilfe an der Rezeption.<\/h2>\n<p>Telefon<\/p>\n<p>Die Zimmertelefone stehen Ihnen f\u00fcr hausinterne Telefonate kostenlos zur Verf\u00fcgung, unsere Kollegen sind unter nachstehenden Durchwahle zu erreichen:<\/p>\n<ul>\n<li>Lobby-Bar 121<\/li>\n<li>Rezeption 100<\/li>\n<\/ul>\n<p>Die Zimmer sind telefonisch mit Zimmernummern zu erreichen (ausgenommen die Zimmernummer beginnend mit 00, z.B. statt 001 ist 301 zu w\u00e4hlen) F\u00fcr Notruf aus dem Hotelzimmer muss zuerst die Vorwahl &#8222;9&#8220; gew\u00e4hlt werden, dann 112.<\/p>\n<h2>Tennis<\/h2>\n<p>Unsere Hotelg\u00e4ste k\u00f6nnen den Tennisplatz kostenlos benutzen, Schl\u00e4ger und B\u00e4lle stehen auch zur Verf\u00fcgung, die Benutzung von Schuhen mit glatter Sohle oder von speziellen Tennisschuhen ist Erwartung. Die Verf\u00fcgbarkeit des Tennisplatzes ist witterungsbedingt, bei schlechtem Wetter kann nicht benutzt werden. Nach Benutzung bitte den Tennisplatz abziehen.<\/p>\n<h2>Transfer<\/h2>\n<p>Bei Bedarf wenden Sie sich bitte an unsere Kollegen an der Rezeption.<\/p>\n<h2>Unfall<\/h2>\n<p>Unf\u00e4lle bitte umgehend an der Rezeption melden.<\/p>\n<h2>W\u00e4scherei<\/h2>\n<p>Kann gegen Geb\u00fchr in Anspruch genommen werden, Leistungszeit 24 Stunden.<\/p>\n<h2>Wechsel von Hoteltextilien<\/h2>\n<p>M\u00f6chten Sie ein frisches Handtuch, dann bitte melden Sie es an unser Reinigungspersonal, indem Sie das alte Handtuch auf den Boden werfen. Bettw\u00e4schewechsel k\u00f6nnen Sie an der Rezeption anfragen. Der vorzeitige Austausch von Badem\u00e4ntel und Saunat\u00fccher ist kostenpflichtig, Information \u00fcber diese Geb\u00fchren finden Sie am Ende der Informationsbrosch\u00fcre. Weckdienst Weckwunsch bitte an der Rezeption melden. Weinverkostung In den nahe gelegenen Privatkellern, Kellereien k\u00f6nnen Sie zahlreiche heimische Weinsorten von h\u00f6chster Qualit\u00e4t verkosten. \u00dcber die verschiedenen M\u00f6glichkeiten k\u00f6nnen Sie in den Informationsmaterialen in der Lounge lesen.<\/p>\n<h2>Wellnessbereich<\/h2>\n<p>Der innere Bereich beinhaltet das Erlebnisbecken und die Saunen. Wassertiefe ist 75 cm, Wassertemperatur 32-34 \u00b0C, das Becken ist mit und geheiztem Thermalwasser gef\u00fcllt, die Erlebniselemente k\u00f6nnen auch mit Knopfdurck aus dem Becken aktiviert werden. Im \u00e4u\u00dferen Bereich ist ein 120 cm tiefes Schwimmbecken mit 120 m<sup>2<\/sup> Wasseroberfl\u00e4che, eine Sonnenterrasse, Relaxliegen und Relaxinseln zu finden.<\/p>\n<h2>Wi-Fi<\/h2>\n<p>Wifi-Verbindung ist im ganzen Hotelareal kostenlos erreichbar, das Passwort (belenus14) k\u00f6nnen Sie von dem Informationstafel am Rezeption ablesen.<\/p>\n<h2 id=\"zahlungsmoglichkeiten\">Zahlungsm\u00f6glichkeiten<\/h2>\n<ul>\n<li>Bargeld (Forint, Euro)<\/li>\n<li>Bankomat (EC\/MC, VISA)<\/li>\n<li>\u00dcberweisung<\/li>\n<\/ul>\n<h2>Zahnb\u00fcrste, Zahnpasta<\/h2>\n<p>Gegen Geb\u00fcr an der Rezeption erh\u00e4ltlich.<\/p>\n<h2>Zimmerreservierung<\/h2>\n<p>Zimmerreservierungen k\u00f6nnen wir nur im schriftlichen Form annehmen (Formular an unserer Webseite, E-Mail, Fax, Brief). Reservierungen werden von uns schriftlich best\u00e4tigt.<\/p>\n<h2>Zimmersafe<\/h2>\n<p>Siehe Punkt &#8222;<a href=\"#aufbewahrung\">Aufbewahrung von Wertgegenst\u00e4nden<\/a>&#8220;<\/p>\n<h2>Zimmerservice<\/h2>\n<p>07:00 &#8211; 22:00 Uhr auf Anfrage, 500 Ft\/Anlass (Getr\u00e4nke aus dem &#8222;All inclusive&#8220; &#8211; Paket sind Au\u00dfnahmen, wof\u00fcr kein Zimmerservice bestellt werden kann).<\/p>\n","protected":false},"excerpt":{"rendered":"<p>A &#8218;la carte Restaurant In unserem Restaurant k\u00f6nnen Sie 12:00 &#8211; 20:45 Uhr wunschgem\u00e4\u00df aus der Speisekarte bestellen. Wir haben Spezialangebote f\u00fcr Kinder und auf Wunsch nach vorheriger Absprache k\u00f6nnen wir Ihnen Di\u00e4t- sowie glutenfreie und laktosefreie Speisen vorbereiten. Abendessen 17:45 &#8211; 20:45 Abreise Wir bitten Sie das Zimmer am Abreisetag bis 10 Uhr zu <a href=\"https:\/\/info.belenushotel.hu\/de\/hotel-a-z\/\" class=\"more-link\">&#8230;<\/a><\/p>\n","protected":false},"author":1,"featured_media":0,"parent":0,"menu_order":0,"comment_status":"closed","ping_status":"closed","template":"","meta":{"footnotes":""},"class_list":["post-198","page","type-page","status-publish","hentry"],"_links":{"self":[{"href":"https:\/\/info.belenushotel.hu\/de\/wp-json\/wp\/v2\/pages\/198","targetHints":{"allow":["GET"]}}],"collection":[{"href":"https:\/\/info.belenushotel.hu\/de\/wp-json\/wp\/v2\/pages"}],"about":[{"href":"https:\/\/info.belenushotel.hu\/de\/wp-json\/wp\/v2\/types\/page"}],"author":[{"embeddable":true,"href":"https:\/\/info.belenushotel.hu\/de\/wp-json\/wp\/v2\/users\/1"}],"replies":[{"embeddable":true,"href":"https:\/\/info.belenushotel.hu\/de\/wp-json\/wp\/v2\/comments?post=198"}],"version-history":[{"count":23,"href":"https:\/\/info.belenushotel.hu\/de\/wp-json\/wp\/v2\/pages\/198\/revisions"}],"predecessor-version":[{"id":697,"href":"https:\/\/info.belenushotel.hu\/de\/wp-json\/wp\/v2\/pages\/198\/revisions\/697"}],"wp:attachment":[{"href":"https:\/\/info.belenushotel.hu\/de\/wp-json\/wp\/v2\/media?parent=198"}],"curies":[{"name":"wp","href":"https:\/\/api.w.org\/{rel}","templated":true}]}}