{"id":177,"date":"2021-04-26T12:54:00","date_gmt":"2021-04-26T12:54:00","guid":{"rendered":"https:\/\/info.belenushotel.hu\/?page_id=177"},"modified":"2025-12-18T20:42:05","modified_gmt":"2025-12-18T20:42:05","slug":"minibar","status":"publish","type":"page","link":"https:\/\/info.belenushotel.hu\/de\/minibar\/","title":{"rendered":"Minibar"},"content":{"rendered":"<h2>Der Inhalt der Minibar<\/h2>\n<table class=\"table table-hover\">\n<tbody>\n<tr>\n<td>1 St\u00fcck Coca-Cola 0,25l<\/td>\n<td style=\"text-align: right;\">1 050 HUF<\/td>\n<\/tr>\n<tr>\n<td>1 St\u00fcck Fruit drink 0,33l<\/td>\n<td style=\"text-align: right;\">1 650 HUF<\/td>\n<\/tr>\n<tr>\n<td>1 St\u00fcck Purezza premium Stillwasser 0,35l<\/td>\n<td style=\"text-align: right;\">850 HUF<\/td>\n<\/tr>\n<tr>\n<td>1 St\u00fcck Purezza premium Mineral Wasser mit Gas 0,35l<\/td>\n<td style=\"text-align: right;\">850 HUF<\/td>\n<\/tr>\n<tr>\n<td>1 St\u00fcck Heineken 0,33l<\/td>\n<td style=\"text-align: right;\">1 350 HUF<\/td>\n<\/tr>\n<tr>\n<td>2 St\u00fcck Whiskey 0,05l<\/td>\n<td style=\"text-align: right;\">2 750 HUF\/St\u00fcck<\/td>\n<\/tr>\n<tr>\n<td>2 St\u00fcck J\u00e4germeister 0,04l<\/td>\n<td style=\"text-align: right;\">2 750 HUF\/St\u00fcck<\/td>\n<\/tr>\n<tr>\n<td>1 St\u00fcck 0,187l wei\u00df, trocken Wein<\/td>\n<td style=\"text-align: right;\">2 500 HUF<\/td>\n<\/tr>\n<tr>\n<td>1 St\u00fcck 0,187l rot, trocken Wein<\/td>\n<td style=\"text-align: right;\">2 500 HUF<\/td>\n<\/tr>\n<tr>\n<td>2 St\u00fcck 0,2l Hungaria trockene Sekt<\/td>\n<td style=\"text-align: right;\">2 000 HUF\/St\u00fcck<\/td>\n<\/tr>\n<tr>\n<td>1 St\u00fcck Kaugummi<\/td>\n<td style=\"text-align: right;\">1 400 HUF<\/td>\n<\/tr>\n<tr>\n<td>1 St\u00fcck Haselnusscocktail<\/td>\n<td style=\"text-align: right;\">1 400 HUF<\/td>\n<\/tr>\n<tr>\n<td>1 St\u00fcck Salzige Brezel<\/td>\n<td style=\"text-align: right;\">1 200 HUF<\/td>\n<\/tr>\n<tr>\n<td>1 St\u00fcck Schokoladendragee mit Haseln\u00fcssen<\/td>\n<td style=\"text-align: right;\">1 400 HUF<\/td>\n<\/tr>\n<tr>\n<td>Ma\u00dfgefertigtes Glas<\/td>\n<td style=\"text-align: right;\">5 000 HUF<\/td>\n<\/tr>\n<\/tbody>\n<\/table>\n","protected":false},"excerpt":{"rendered":"<p>Der Inhalt der Minibar 1 St\u00fcck Coca-Cola 0,25l 1 050 HUF 1 St\u00fcck Fruit drink 0,33l 1 650 HUF 1 St\u00fcck Purezza premium Stillwasser 0,35l 850 HUF 1 St\u00fcck Purezza premium Mineral Wasser mit Gas 0,35l 850 HUF 1 St\u00fcck Heineken 0,33l 1 350 HUF 2 St\u00fcck Whiskey 0,05l 2 750 HUF\/St\u00fcck 2 St\u00fcck J\u00e4germeister <a href=\"https:\/\/info.belenushotel.hu\/de\/minibar\/\" class=\"more-link\">&#8230;<\/a><\/p>\n","protected":false},"author":1,"featured_media":0,"parent":0,"menu_order":0,"comment_status":"closed","ping_status":"closed","template":"","meta":{"footnotes":""},"class_list":["post-177","page","type-page","status-publish","hentry"],"_links":{"self":[{"href":"https:\/\/info.belenushotel.hu\/de\/wp-json\/wp\/v2\/pages\/177","targetHints":{"allow":["GET"]}}],"collection":[{"href":"https:\/\/info.belenushotel.hu\/de\/wp-json\/wp\/v2\/pages"}],"about":[{"href":"https:\/\/info.belenushotel.hu\/de\/wp-json\/wp\/v2\/types\/page"}],"author":[{"embeddable":true,"href":"https:\/\/info.belenushotel.hu\/de\/wp-json\/wp\/v2\/users\/1"}],"replies":[{"embeddable":true,"href":"https:\/\/info.belenushotel.hu\/de\/wp-json\/wp\/v2\/comments?post=177"}],"version-history":[{"count":11,"href":"https:\/\/info.belenushotel.hu\/de\/wp-json\/wp\/v2\/pages\/177\/revisions"}],"predecessor-version":[{"id":683,"href":"https:\/\/info.belenushotel.hu\/de\/wp-json\/wp\/v2\/pages\/177\/revisions\/683"}],"wp:attachment":[{"href":"https:\/\/info.belenushotel.hu\/de\/wp-json\/wp\/v2\/media?parent=177"}],"curies":[{"name":"wp","href":"https:\/\/api.w.org\/{rel}","templated":true}]}}